{"id":216,"date":"2020-04-10T20:16:56","date_gmt":"2020-04-10T18:16:56","guid":{"rendered":"http:\/\/bernard-visse.fr\/ev\/?page_id=216"},"modified":"2020-05-24T21:24:55","modified_gmt":"2020-05-24T19:24:55","slug":"prix-et-concours-lorrains","status":"publish","type":"page","link":"https:\/\/bernard-visse.fr\/ev\/prix-et-concours-lorrains\/","title":{"rendered":"Prix et Concours lorrains"},"content":{"rendered":"\t\t<div data-elementor-type=\"wp-page\" data-elementor-id=\"216\" class=\"elementor elementor-216\" data-elementor-settings=\"[]\">\n\t\t\t\t\t\t<div class=\"elementor-inner\">\n\t\t\t\t\t\t\t<div class=\"elementor-section-wrap\">\n\t\t\t\t\t\t\t<section class=\"elementor-section elementor-top-section elementor-element elementor-element-170c4915 elementor-section-boxed elementor-section-height-default elementor-section-height-default\" data-id=\"170c4915\" data-element_type=\"section\">\n\t\t\t\t\t\t<div class=\"elementor-container elementor-column-gap-default\">\n\t\t\t\t\t\t\t<div class=\"elementor-row\">\n\t\t\t\t\t<div class=\"elementor-column elementor-col-100 elementor-top-column elementor-element elementor-element-6bef1abf\" data-id=\"6bef1abf\" data-element_type=\"column\">\n\t\t\t<div class=\"elementor-column-wrap elementor-element-populated\">\n\t\t\t\t\t\t\t<div class=\"elementor-widget-wrap\">\n\t\t\t\t\t\t<div class=\"elementor-element elementor-element-4b68c42d elementor-widget elementor-widget-text-editor\" data-id=\"4b68c42d\" data-element_type=\"widget\" data-widget_type=\"text-editor.default\">\n\t\t\t\t<div class=\"elementor-widget-container\">\n\t\t\t\t\t\t\t\t<div class=\"elementor-text-editor elementor-clearfix\">\n\t\t\t\t\t<p><!-- wp:paragraph --><\/p>\n<p>Les <strong>Prix<\/strong> se donnent, les <strong>Concours<\/strong> se gagnent\u2026 Tous se m\u00e9ritent (en principe\u2026) !<\/p>\n<p><!-- \/wp:paragraph --><!-- wp:paragraph --><\/p>\n<p>Le <strong>Goncourt<\/strong> (cr\u00e9\u00e9 en 1903), le <strong>Femina<\/strong> (1903), le <strong>Renaudot<\/strong> (1926), l\u2019<strong>Interalli\u00e9<\/strong> (1930), le <strong>M\u00e9dicis<\/strong> (1958), et le Prix <strong>D\u00e9cembre<\/strong> (1989) sont assez inaccessibles. Noter, pour se donner du courage, que plusieurs Vosgiens ont d\u00e9j\u00e0 re\u00e7u de telles reconnaissances nationales ou internationales : le plus r\u00e9cent est Nicolas Mathieu, Prix Goncourt 2018 !<\/p>\n<p><!-- \/wp:paragraph --><!-- wp:paragraph --><\/p>\n<p>Certains se frottent aux <strong>Concours<\/strong>\u2026 Pour voir\u2026 Pour prouver (\u00e0 eux-m\u00eames ou aux autres) qu\u2019ils savent \u00e9crire\u2026 Pour trouver des lecteurs\u2026 Pour gagner des coupes ou de l\u2019argent\u2026 Ou parce qu\u2019ils adorent concourir\u2026<\/p>\n<p><!-- \/wp:paragraph --><!-- wp:paragraph --><\/p>\n<p>Mais il n\u2019est pas toujours facile d\u2019obtenir \u00e0 temps les renseignements n\u00e9cessaires. <strong>EcriVOSGES<\/strong> aide les internautes en leur fournissant les r\u00e8glements et les adresses utiles, du moins pour ce qui concerne la Lorraine.<\/p>\n<p><!-- \/wp:paragraph --><!-- wp:paragraph --><\/p>\n<p>Cette information permanente permettra aux candidats de fourbir \u00e0 l\u2019avance le discours de remerciements qu\u2019ils prononceront au moment de la r\u00e9ception de leur prix !<\/p>\n<p><!-- \/wp:paragraph --><!-- wp:paragraph --><\/p>\n<p>Courage ! Qu\u2019ils nous tiennent inform\u00e9s\u2026<\/p>\n<p><!-- \/wp:paragraph --><!-- wp:paragraph --><\/p>\n<p><strong>Les principaux Prix en Lorraine<\/strong><\/p>\n<p><!-- \/wp:paragraph --><!-- wp:list --><\/p>\n<ul>\n<li><a href=\"https:\/\/bernard-visse.fr\/ev\/prix-erckmann-chatrian\/\" target=\"_blank\" rel=\"noreferrer noopener\">Prix Erckmann-Chatrian<\/a><\/li>\n<li><a href=\"https:\/\/bernard-visse.fr\/ev\/prix-des-conseils-departementaux-de-lorraine\/\" target=\"_blank\" rel=\"noreferrer noopener\">Prix des Conseils D\u00e9partementaux de Lorraine<\/a><\/li>\n<li><a href=\"https:\/\/bernard-visse.fr\/ev\/feuille-dor-de-la-ville-de-nancy-prix-des-medias\/\" target=\"_blank\" rel=\"noreferrer noopener\">Feuille d\u2019or de la Ville de Nancy &#8211; Prix des m\u00e9dias<\/a><\/li>\n<\/ul>\n<p><!-- \/wp:list --><!-- wp:paragraph --><\/p>\n<p><strong>Les Prix des acad\u00e9mies lorraines<\/strong><\/p>\n<p><!-- \/wp:paragraph --><!-- wp:list --><\/p>\n<ul>\n<li><a href=\"https:\/\/bernard-visse.fr\/ev\/prix-de-lacademie-nationale-de-metz\/\" target=\"_blank\" rel=\"noreferrer noopener\">Prix de l\u2019Acad\u00e9mie nationale de Metz<\/a><\/li>\n<li><a href=\"https:\/\/bernard-visse.fr\/ev\/prix-de-lacademie-stanislas\/\" target=\"_blank\" rel=\"noreferrer noopener\">Prix de l\u2019Acad\u00e9mie Stanislas<\/a><\/li>\n<\/ul>\n<p><!-- \/wp:list --><!-- wp:paragraph --><\/p>\n<p><strong>Autres Prix et Concours<\/strong><\/p>\n<p><!-- \/wp:paragraph --><!-- wp:list --><\/p>\n<ul>\n<li style=\"list-style-type: none;\">\n<ul>\n<li><em>Meurthe-et-Moselle<\/em>\n<ul>\n<li><a href=\"https:\/\/bernard-visse.fr\/ev\/prix-de-fontenoy-la-joute-2\/\" data-wplink-url-error=\"true\">Concours d\u2019\u00e9criture<\/a> \/ Fontenoy-la-Jo\u00fbte<\/li>\n<li>Prix transfrontalier de la Nouvelle br\u00e8ve \/ Gorcy<\/li>\n<li><a href=\"https:\/\/bernard-visse.fr\/ev\/prix-mirabelle\/\" target=\"_blank\" rel=\"noreferrer noopener\">Prix Mirabelle<\/a> \/ Laxou<\/li>\n<li><a href=\"https:\/\/bernard-visse.fr\/ev\/prix-litteraires-de-graffigny\/\" target=\"_blank\" rel=\"noopener\" data-wplink-url-error=\"true\">Prix du Cercle litt\u00e9raire Graffigny<\/a> \/ Lun\u00e9ville<\/li>\n<li><a href=\"https:\/\/bernard-visse.fr\/ev\/prix-emile-galle\/\" target=\"_blank\" rel=\"noreferrer noopener\">Prix \u00c9mile-Gall\u00e9<\/a> \/ Nancy<\/li>\n<li><a href=\"_wp_link_placeholder\" data-wplink-edit=\"true\">Prix de La Cour de l&rsquo;Imaginaire<\/a> \/ Nancy<\/li>\n<li><a href=\"https:\/\/bernard-visse.fr\/ev\/prix-victor-hugo\/\" target=\"_blank\" rel=\"noreferrer noopener\">Prix Victor-Hugo<\/a> \/ Nancy<\/li>\n<li><a href=\"https:\/\/bernard-visse.fr\/ev\/grand-prix-de-lacademie-saint-nicolas\/\" target=\"_blank\" rel=\"noreferrer noopener\">Prix de l\u2019Acad\u00e9mie de Saint-Nicolas<\/a> \/ Saint-Nicolas-de-Port<\/li>\n<li><a href=\"https:\/\/bernard-visse.fr\/ev\/prix-emile-moselly\/\" target=\"_blank\" rel=\"noreferrer noopener\">Prix \u00c9mile-Moselly<\/a> \/ Toul<\/li>\n<\/ul>\n<\/li>\n<li><em>Meuse<\/em>\n<ul>\n<li><a href=\"https:\/\/bernard-visse.fr\/ev\/prix-jeandheurs\/\" target=\"_blank\" rel=\"noreferrer noopener\">Prix Jeand\u2019Heurs<\/a> \/ Bar-le-Duc<\/li>\n<li><a href=\"https:\/\/bernard-visse.fr\/ev\/prix-du-livre-dhistoireprix-mondes-en-guerre\/\" target=\"_blank\" rel=\"noreferrer noopener\">Prix Mondes en guerre, mondes en paix<\/a> \/ Verdun<\/li>\n<li><a href=\"https:\/\/bernard-visse.fr\/ev\/prix-jeunesse-raconte-moi-lhistoire\/\" target=\"_blank\" rel=\"noreferrer noopener\">Prix Jeunesse Raconte-moi l\u2019Histoire<\/a> \/ Verdun<\/li>\n<\/ul>\n<\/li>\n<li><em>Moselle<\/em>\n<ul>\n<li><a href=\"https:\/\/bernard-visse.fr\/ev\/grand-prix-des-poetes-lorrains\/\" target=\"_blank\" rel=\"noreferrer noopener\">Grand Prix des Po\u00e8tes lorrains<\/a> \/ Bazoncourt<\/li>\n<li><a href=\"https:\/\/bernard-visse.fr\/ev\/prix-de-la-nouvelle-des-lyceens-lorrains\/\" target=\"_blank\" rel=\"noopener\">Prix de la Nouvelle des Lyc\u00e9ens Lorrains<\/a> \/ Forbach<\/li>\n<li><a href=\"https:\/\/bernard-visse.fr\/ev\/concours-arts-et-lettres-de-france\/\" target=\"_blank\" rel=\"noreferrer noopener\">Concours Arts et Lettres de France<\/a> \/ Hettange-Grande<\/li>\n<li><a href=\"https:\/\/bernard-visse.fr\/ev\/concours-litteraire-international-du-cepal\/\" target=\"_blank\" rel=\"noreferrer noopener\">Concours Litt\u00e9raire International du CEPAL<\/a> \/ Kedange<\/li>\n<li><a href=\"https:\/\/bernard-visse.fr\/ev\/prix-marguerite-puhl-demange\/\">Prix Marguerite-Puhl-Demange<\/a> \/ Metz<\/li>\n<li><a href=\"https:\/\/bernard-visse.fr\/ev\/prix-paul-verlaine\/\" target=\"_blank\" rel=\"noreferrer noopener\">Prix Paul-Verlaine<\/a> \/ Metz<\/li>\n<\/ul>\n<\/li>\n<li><em>Vosges<\/em>\n<ul>\n<li><a href=\"https:\/\/bernard-visse.fr\/ev\/prix-francois-matenet\/\" target=\"_blank\" rel=\"noreferrer noopener\">Prix Fran\u00e7ois-Matenet<\/a> \/ Fontenoy-le-Ch\u00e2teau<\/li>\n<li><a href=\"https:\/\/bernard-visse.fr\/ev\/concours-litteraire-de-landouille-le-val-dajol\/\" target=\"_blank\" rel=\"noreferrer noopener\">Concours litt\u00e9raire de l\u2019Andouille<\/a> \/ Le Val-d\u2019Ajol<\/li>\n<li><a href=\"https:\/\/bernard-visse.fr\/ev\/prix-de-la-plume-de-vair\/\" target=\"_blank\" rel=\"noreferrer noopener\">Prix de la Plume de Vair<\/a> \/ Mandres-sur-Vair<\/li>\n<li><a href=\"https:\/\/bernard-visse.fr\/ev\/des-mots-et-des-mondes\/\" target=\"_blank\" rel=\"noreferrer noopener\">Concours Des mots et des mondes<\/a> \/ Mirecourt<\/li>\n<li><a href=\"https:\/\/bernard-visse.fr\/ev\/prix-henri-thomas\/\" target=\"_blank\" rel=\"noreferrer noopener\">Prix Henri-Thomas<\/a> \/ Saint-Di\u00e9-des Vosges<\/li>\n<\/ul>\n<\/li>\n<\/ul>\n<\/li>\n<\/ul>\n<ul>\n<li style=\"list-style-type: none;\">\n<ul>\n<li style=\"list-style-type: none;\">\n<ul>\n<li><strong>Prix du Festival des Imaginales \/ \u00c9pinal<\/strong><\/li>\n<li><a href=\"https:\/\/bernard-visse.fr\/ev\/prix-imaginales\/\" target=\"_blank\" rel=\"noopener\">Prix Imaginales<\/a><\/li>\n<li>Prix Imaginales des Lyc\u00e9ens<\/li>\n<li>Prix Imaginales des Coll\u00e9giens<\/li>\n<li>Prix Imaginales des \u00c9coliers<\/li>\n<li>Prix Imaginales des Biblioth\u00e9caires<\/li>\n<li>Prix Une autre Terre<\/li>\n<\/ul>\n<ul>\n<li><strong>Prix du Festival International de G\u00e9ographie \/ Saint-Di\u00e9-des Vosges<\/strong><\/li>\n<li><a href=\"https:\/\/bernard-visse.fr\/ev\/prix-amerigo-vespucci\/\" target=\"_blank\" rel=\"noreferrer noopener\">Prix Amerigo-Vespucci<\/a><\/li>\n<li><a href=\"https:\/\/bernard-visse.fr\/ev\/prix-amerigo-vespucci-jeunessesaint-die-des-vosges\/\" target=\"_blank\" rel=\"noreferrer noopener\">Prix Amerigo-Vespucci Jeunesse<\/a><\/li>\n<li><a href=\"https:\/\/bernard-visse.fr\/ev\/prix-vautrin-lud\/\" target=\"_blank\" rel=\"noopener\">Prix Vautrin-Lud<\/a><\/li>\n<\/ul>\n<\/li>\n<li><em>Ailleurs<\/em>\n<ul>\n<li><a href=\"https:\/\/bernard-visse.fr\/ev\/prix-de-la-societe-des-ecrivains\/\" target=\"_blank\" rel=\"noreferrer noopener\">Prix de la Soci\u00e9t\u00e9 des \u00c9crivains<\/a><\/li>\n<li><a href=\"https:\/\/bernard-visse.fr\/ev\/prix-international-de-poesie-francophone-yvan-goll\/\" target=\"_blank\" rel=\"noopener\">Prix International de Po\u00e9sie Francophone Yvan-Goll<\/a> \/ Paris<\/li>\n<\/ul>\n<\/li>\n<\/ul>\n<\/li>\n<\/ul>\n<p><!-- \/wp:paragraph --><!-- wp:paragraph --><\/p>\n<p><!-- \/wp:paragraph --><!-- wp:paragraph --><\/p>\n<p>Les organisateurs de Prix et Concours litt\u00e9raires lorrains peuvent faire parvenir leur r\u00e8glement et leur palmar\u00e8s au webmestre par <strong><a href=\"mailto:postmaster@ecrivosges.com\">e-mail<\/a> <\/strong>(en format texte : word, libre office, etc.).<\/p>\n<p><!-- \/wp:paragraph --><!-- wp:paragraph --><\/p>\n<p><!-- \/wp:paragraph --><!-- wp:paragraph --><\/p>\n<p>\u00a0<\/p>\n<p><strong>Pour m\u00e9moire<\/strong>, quelques prix n\u2019existant plus\u2026<\/p>\n<p><!-- \/wp:paragraph --><!-- wp:list --><\/p>\n<ul>\n<li style=\"list-style-type: none;\">\n<ul>\n<li style=\"list-style-type: none;\">\n<ul>\n<li style=\"list-style-type: none;\">\n<ul>\n<li><a href=\"https:\/\/bernard-visse.fr\/ev\/prix-nature-et-vie-rurale\/\" target=\"_blank\" rel=\"noreferrer noopener\">Prix Nature et Vie rurale<\/a> \/ Brouvelieures<\/li>\n<li><a href=\"https:\/\/bernard-visse.fr\/ev\/prix-maurice-barres\/\" target=\"_blank\" rel=\"noopener\">Prix Maurice-Barr\u00e8s<\/a> \/ Charmes<\/li>\n<li><a href=\"https:\/\/bernard-visse.fr\/ev\/prix-fantastic-arts\/\" target=\"_blank\" rel=\"noopener\">Prix Fantastic\u2019Arts<\/a> \/ G\u00e9rardmer<\/li>\n<li><a href=\"https:\/\/bernard-visse.fr\/ev\/prix-nouvelle-generation\/\" target=\"_blank\" rel=\"noopener\">Prix Nouvelle g\u00e9n\u00e9ration \u2013 Alain Dor\u00e9mieux<\/a> \/ Nancy<\/li>\n<li><a href=\"https:\/\/bernard-visse.fr\/ev\/prix-robert-veil\/\" target=\"_blank\" rel=\"noopener\">Prix Robert Veil<\/a> \/ Rambervillers<\/li>\n<li><a href=\"https:\/\/bernard-visse.fr\/ev\/prix-regional-du-conte-litteraire\/\" target=\"_blank\" rel=\"noopener\">Prix r\u00e9gional du Conte litt\u00e9raire<\/a> \/ Sarreguemines<\/li>\n<\/ul>\n<\/li>\n<\/ul>\n<\/li>\n<\/ul>\n<\/li>\n<\/ul>\n<p><!-- \/wp:list --><\/p>\t\t\t\t\t<\/div>\n\t\t\t\t\t\t<\/div>\n\t\t\t\t<\/div>\n\t\t\t\t\t\t<\/div>\n\t\t\t\t\t<\/div>\n\t\t<\/div>\n\t\t\t\t\t\t\t\t<\/div>\n\t\t\t\t\t<\/div>\n\t\t<\/section>\n\t\t\t\t\t\t<\/div>\n\t\t\t\t\t\t<\/div>\n\t\t\t\t\t<\/div>\n\t\t","protected":false},"excerpt":{"rendered":"<p>Les Prix se donnent, les Concours se gagnent\u2026 Tous se m\u00e9ritent (en principe\u2026) ! Le Goncourt (cr\u00e9\u00e9 en 1903), le Femina (1903), le Renaudot (1926), l\u2019Interalli\u00e9 (1930), le M\u00e9dicis (1958), et le Prix D\u00e9cembre (1989) sont assez inaccessibles. Noter, pour se donner du courage, que plusieurs Vosgiens ont d\u00e9j\u00e0 re\u00e7u de telles reconnaissances nationales ou internationales : le plus r\u00e9cent est Nicolas Mathieu, Prix Goncourt 2018 ! Certains se frottent aux Concours\u2026 Pour voir\u2026 Pour prouver (\u00e0 eux-m\u00eames ou aux autres) qu\u2019ils savent \u00e9crire\u2026 Pour trouver des lecteurs\u2026 Pour gagner des coupes ou de l\u2019argent\u2026 Ou parce qu\u2019ils adorent concourir\u2026 Mais il n\u2019est pas toujours facile d\u2019obtenir \u00e0 temps les renseignements n\u00e9cessaires. EcriVOSGES aide les internautes en leur fournissant les r\u00e8glements et les adresses utiles, du moins pour ce qui concerne la Lorraine. Cette information permanente permettra aux candidats de fourbir \u00e0 l\u2019avance le discours de remerciements qu\u2019ils prononceront au moment de la r\u00e9ception de leur prix ! Courage ! Qu\u2019ils nous tiennent inform\u00e9s\u2026 Les principaux Prix en Lorraine Prix Erckmann-Chatrian Prix des Conseils D\u00e9partementaux de Lorraine Feuille d\u2019or de la Ville de Nancy &#8211; Prix des m\u00e9dias Les Prix des acad\u00e9mies lorraines Prix de l\u2019Acad\u00e9mie nationale de Metz Prix de l\u2019Acad\u00e9mie Stanislas Autres Prix et Concours Meurthe-et-Moselle Concours d\u2019\u00e9criture \/ Fontenoy-la-Jo\u00fbte Prix transfrontalier de la Nouvelle br\u00e8ve \/ Gorcy Prix Mirabelle \/ Laxou Prix du Cercle litt\u00e9raire Graffigny \/ Lun\u00e9ville Prix \u00c9mile-Gall\u00e9 \/ Nancy Prix de La Cour de l&rsquo;Imaginaire \/ Nancy Prix Victor-Hugo \/ Nancy Prix de l\u2019Acad\u00e9mie de Saint-Nicolas \/ Saint-Nicolas-de-Port Prix \u00c9mile-Moselly \/ Toul Meuse Prix Jeand\u2019Heurs \/ Bar-le-Duc Prix Mondes en guerre, mondes en paix \/ Verdun Prix Jeunesse Raconte-moi l\u2019Histoire \/ Verdun Moselle Grand Prix des Po\u00e8tes lorrains \/ Bazoncourt Prix de la Nouvelle des Lyc\u00e9ens Lorrains \/ Forbach Concours Arts et Lettres de France \/ Hettange-Grande Concours Litt\u00e9raire International du CEPAL \/ Kedange Prix Marguerite-Puhl-Demange \/ Metz Prix Paul-Verlaine \/ Metz Vosges Prix Fran\u00e7ois-Matenet \/ Fontenoy-le-Ch\u00e2teau Concours litt\u00e9raire de l\u2019Andouille \/ Le Val-d\u2019Ajol Prix de la Plume de Vair \/ Mandres-sur-Vair Concours Des mots et des mondes \/ Mirecourt Prix Henri-Thomas \/ Saint-Di\u00e9-des Vosges Prix du Festival des Imaginales \/ \u00c9pinal Prix Imaginales Prix Imaginales des Lyc\u00e9ens Prix Imaginales des Coll\u00e9giens Prix Imaginales des \u00c9coliers Prix Imaginales des Biblioth\u00e9caires Prix Une autre Terre Prix du Festival International de G\u00e9ographie \/ Saint-Di\u00e9-des Vosges Prix Amerigo-Vespucci Prix Amerigo-Vespucci Jeunesse Prix Vautrin-Lud Ailleurs Prix de la Soci\u00e9t\u00e9 des \u00c9crivains Prix International de Po\u00e9sie Francophone Yvan-Goll \/ Paris Les organisateurs de Prix et Concours litt\u00e9raires lorrains peuvent faire parvenir leur r\u00e8glement et leur palmar\u00e8s au webmestre par e-mail (en format texte : word, libre office, etc.). \u00a0 Pour m\u00e9moire, quelques prix n\u2019existant plus\u2026 Prix Nature et Vie rurale \/ Brouvelieures Prix Maurice-Barr\u00e8s \/ Charmes Prix Fantastic\u2019Arts \/ G\u00e9rardmer Prix Nouvelle g\u00e9n\u00e9ration \u2013 Alain Dor\u00e9mieux \/ Nancy Prix Robert Veil \/ Rambervillers Prix r\u00e9gional du Conte litt\u00e9raire \/ Sarreguemines<\/p>\n","protected":false},"author":3,"featured_media":0,"parent":0,"menu_order":0,"comment_status":"closed","ping_status":"closed","template":"","meta":[],"_links":{"self":[{"href":"https:\/\/bernard-visse.fr\/ev\/wp-json\/wp\/v2\/pages\/216"}],"collection":[{"href":"https:\/\/bernard-visse.fr\/ev\/wp-json\/wp\/v2\/pages"}],"about":[{"href":"https:\/\/bernard-visse.fr\/ev\/wp-json\/wp\/v2\/types\/page"}],"author":[{"embeddable":true,"href":"https:\/\/bernard-visse.fr\/ev\/wp-json\/wp\/v2\/users\/3"}],"replies":[{"embeddable":true,"href":"https:\/\/bernard-visse.fr\/ev\/wp-json\/wp\/v2\/comments?post=216"}],"version-history":[{"count":50,"href":"https:\/\/bernard-visse.fr\/ev\/wp-json\/wp\/v2\/pages\/216\/revisions"}],"predecessor-version":[{"id":1798,"href":"https:\/\/bernard-visse.fr\/ev\/wp-json\/wp\/v2\/pages\/216\/revisions\/1798"}],"wp:attachment":[{"href":"https:\/\/bernard-visse.fr\/ev\/wp-json\/wp\/v2\/media?parent=216"}],"curies":[{"name":"wp","href":"https:\/\/api.w.org\/{rel}","templated":true}]}}