{"id":1702,"date":"2020-05-06T15:27:35","date_gmt":"2020-05-06T13:27:35","guid":{"rendered":"http:\/\/bernard-visse.fr\/ev\/?page_id=1702"},"modified":"2020-05-06T17:26:36","modified_gmt":"2020-05-06T15:26:36","slug":"alain-bernier","status":"publish","type":"page","link":"https:\/\/bernard-visse.fr\/ev\/alain-bernier\/","title":{"rendered":"Alain BERNIER"},"content":{"rendered":"\n<p>Pseudonymes : \u00c9ric VERTEUIL (avec Roger MARIDAT), Jean-Louis BERMA (avec Roger MARIDAT).<\/p>\n\n\n\n<h2>Biographie<\/h2>\n\n\n\n<p><strong>1922 :<\/strong> <strong>Alain<\/strong> Jean Victor \u00c9mile <strong>BERNIER<\/strong> est n\u00e9 le 15 mai \u00e0 Angers (Maine et Loire). Sa famille, du c\u00f4t\u00e9 maternel, est de Remiremont (Vosges).<\/p>\n\n\n\n<p class=\"has-background has-small-font-size has-very-light-gray-background-color\"><img loading=\"lazy\" src=\"http:\/\/www.ecrivosges.com\/images\/Portrait\/Bernier_Maridat01.jpg\" alt=\"Roger Maridat et Alain Bernier. Leur devise : le crime par la joie !\" width=\"240\" height=\"320\"> Roger Maridat (\u00e0 gauche)<br> et Alain Bernier (\u00e0 droite).<\/p>\n\n\n\n<p>Son p\u00e8re <strong><a href=\"https:\/\/bernard-visse.fr\/ev\/victor-bernier\/\" target=\"_blank\" rel=\"noreferrer noopener\">Victor Bernier<\/a><\/strong> est maire d&rsquo;Angers, conseiller g\u00e9n\u00e9ral.<\/p>\n\n\n\n<p>Son grand-p\u00e8re n&rsquo;est autre qu&rsquo;\u00c9mile Mougin (n\u00e9 \u00e0 \u00c9pinal le 4 d\u00e9cembre 1859, d\u00e9c\u00e9d\u00e9 \u00e0 Angers le 8 f\u00e9vrier 1932), vice-pr\u00e9sident de la Chambre de Commerce d&rsquo;\u00c9pinal, conseiller municipal de Remiremont (1892), puis adjoint (1900), puis maire de la ville de 1912 \u00e0 1925. Et St\u00e9phane Mougin, le fr\u00e8re de celui-ci, se passionnait pour l&rsquo;histoire locale : il a \u00e9crit des essais et habitait \u00e9galement Remiremont, place Maxonrupt, devenue place Jules-M\u00e9line.<\/p>\n\n\n\n<p>Pendant pr\u00e8s de 25 ans, Alain Bernier passe toutes ses vacances d&rsquo;\u00e9t\u00e9 \u00e0 Remiremont dans la maison de famille du 4 rue de la Paltr\u00e9e (qui avait appartenu aux Chanoinesses) : c&rsquo;est l\u00e0 qu&rsquo;il a \u00e9crit ses premiers textes, encourag\u00e9 par la tante de sa m\u00e8re, Madame Berthe Henry.<\/p>\n\n\n\n<p>\u00c9tudes secondaires au lyc\u00e9e David d&rsquo;Angers. Dipl\u00f4m\u00e9 de Sciences-politiques, licence en droit, dipl\u00f4me d&rsquo;\u00e9tudes sup\u00e9rieures d&rsquo;\u00c9conomie Politique. Une th\u00e8se sur les Incas n&rsquo;a jamais \u00e9t\u00e9 soutenue&#8230; Il a \u00e9galement suivi des cours \u00e0 l&rsquo;\u00c9cole du Louvre.<\/p>\n\n\n\n<p><strong>1944-1948 :<\/strong> Plusieurs \u00ab\u00a0jobs\u00a0\u00bb successifs lui procurent des exp\u00e9riences enrichissantes : interpr\u00e8te dans l&rsquo;arm\u00e9e am\u00e9ricaine, employ\u00e9 \u00e0 France-USA, s\u00e9minaire de trois mois aux \u00c9tats-Unis, stage dans une banque&#8230;<\/p>\n\n\n\n<p><strong>1948 :<\/strong> Il d\u00e9bute sa longue carri\u00e8re au sein du groupe Unilever, o\u00f9 il sera directeur de publicit\u00e9 et des relations publiques.<\/p>\n\n\n\n<p><strong>1959 :<\/strong> Premier roman, aux Presses de la Cit\u00e9 : <em>D&rsquo;une pierre deux corps<\/em>. De nombreuses sc\u00e8nes se d\u00e9roulent dans le massif du Fossard, pr\u00e8s de Remiremont.<\/p>\n\n\n\n<p>Il signe ensuite de nombreux ouvrages avec Roger Maridat. L&rsquo;un de leurs romans (<em>Liliane et son odyss\u00e9e<\/em>, paru au Fleuve Noir) se d\u00e9roule dans la cit\u00e9 des Chanoinesses et a pour cadre la propri\u00e9t\u00e9 familiale qui donnait sur trois rues : de la Courtine, de la Mouline et de la Paltr\u00e9e. Enfin, le Hou\u00e9, \u00e0 Vagney, les a beaucoup inspir\u00e9s pour l&rsquo;ambiance de <em>Au bout la mort<\/em>.<\/p>\n\n\n\n<p><em>L&rsquo;influence des Vosges a \u00e9t\u00e9 consid\u00e9rable<\/em>, \u00e9crit Alain Bernier. <em>Le calme et la beaut\u00e9 de la nature et, en m\u00eame temps, le myst\u00e8re de lieux o\u00f9, enfant, je me perdais (le Hou\u00e9, le Fossard)&#8230; Les endroits \u00e9tranges (le Rond-Caillou, pr\u00e8s de Remiremont) o\u00f9 j&rsquo;ai trouv\u00e9 des pierres avec des empreintes de foug\u00e8res ou des cristaux rouges, \u00e0 mes yeux plus beaux que chez les joailliers&#8230; Le Th\u00e9\u00e2tre du Peuple \u00e0 Bussang o\u00f9 l&rsquo;on applaudissait les pi\u00e8ces de Pottecher et la vedette de l&rsquo;\u00e9poque : Pierre Richard-Wilm&#8230; Et puis surtout, une promenade au Drumont o\u00f9, en 1943, j&rsquo;ai rencontr\u00e9 une vieille Alsacienne qui, au p\u00e9ril de sa vie, franchissait la fronti\u00e8re pour un seul but qui \u00e9tait son bonheur : <\/em>entendre parler fran\u00e7ais<em>&#8230; Voil\u00e0 des souvenirs que je n&rsquo;oublierai jamais<\/em>.<\/p>\n\n\n\n<p><strong>2019 :<\/strong> Le 3 f\u00e9vrier, il d\u00e9c\u00e8de \u00e0 Paris [16e arr.], \u00e0 l&rsquo;\u00e2ge de 96 ans.<\/p>\n\n\n\n<p>Alain BERNIER m\u00e9rite amplement, avec son ami Roger MARIDAT, de figurer dans cette bibliographie vosgienne !<\/p>\n\n\n\n<hr class=\"wp-block-separator\"\/>\n\n\n\n<h2>Roger Maridat<\/h2>\n\n\n\n<p><strong>Roger <\/strong>Louis \u00c9mile <strong>MARIDAT<\/strong> est n\u00e9 \u00e0 Paris le 20 novembre 1930 dans une famille aux origines diverses : parisiennes, berrichonnes, picardes, flamandes, normandes, catalanes, etc.<\/p>\n\n\n\n<p>Il est dipl\u00f4m\u00e9 de l&rsquo;Institut de Contr\u00f4le de Gestion. Il d\u00e9bute sa carri\u00e8re dans la marine marchande, puis rejoint le groupe <em>Unilever<\/em> d\u00e8s 1960, comme directeur administratif et financier de la filiale <em>Recherche commerciale<\/em>. Il termine sa carri\u00e8re dans cette m\u00eame soci\u00e9t\u00e9 qui, entre-temps, a \u00e9t\u00e9 c\u00e9d\u00e9e \u00e0 un autre groupe international.<\/p>\n\n\n\n<p>Soci\u00e9taire de la S.A.C.D., il a toujours \u00e9crit en duo avec Alain Bernier.<\/p>\n\n\n\n<p>Il est d\u00e9c\u00e9d\u00e9 le 3 septembre 2016 \u00e0 Neuilly-sur-Seine [92], \u00e0 l&rsquo;\u00e2ge de 85 ans.<\/p>\n\n\n\n<div class=\"wp-block-group\"><div class=\"wp-block-group__inner-container\">\n<hr class=\"wp-block-separator\"\/>\n<\/div><\/div>\n\n\n\n<p>Voir toutes les couvertures des ouvrages d&rsquo;Alain Bernier et Roger Maridat.<\/p>\n\n\n\n<p><a href=\"https:\/\/bernard-visse.fr\/ev\/tous-les-romans\/\" target=\"_blank\" rel=\"noreferrer noopener\">Romans.<\/a><\/p>\n\n\n\n<p><a rel=\"noreferrer noopener\" href=\"https:\/\/bernard-visse.fr\/ev\/nouvelles\/\" target=\"_blank\">Nouvelles<\/a><a href=\"http:\/\/www.ecrivosges.com\/auteurs\/berma\/nouvelles.php\">.<\/a><\/p>\n\n\n\n<p><a href=\"https:\/\/bernard-visse.fr\/ev\/poesie\/\" target=\"_blank\" rel=\"noreferrer noopener\">Po\u00e8mes d&rsquo;Alain Bernier.<\/a><\/p>\n\n\n\n<p><a href=\"https:\/\/bernard-visse.fr\/ev\/radio\/\" target=\"_blank\" rel=\"noreferrer noopener\">Th\u00e9\u00e2tre &#8211; Radio &#8211; TV.<\/a><\/p>\n\n\n\n<p><a rel=\"noreferrer noopener\" href=\"https:\/\/bernard-visse.fr\/ev\/portraits-de-presse\/\" target=\"_blank\">Petite revue de presse.<\/a><\/p>\n\n\n\n<p><a href=\"https:\/\/bernard-visse.fr\/ev\/victor-bernier\/\" target=\"_blank\" rel=\"noreferrer noopener\">Victor Bernier, p\u00e8re de famille et maire d&rsquo;Angers.<\/a><\/p>\n","protected":false},"excerpt":{"rendered":"<p>Pseudonymes : \u00c9ric VERTEUIL (avec Roger MARIDAT), Jean-Louis BERMA (avec Roger MARIDAT). Biographie 1922 : Alain Jean Victor \u00c9mile BERNIER est n\u00e9 le 15 mai \u00e0 Angers (Maine et Loire). Sa famille, du c\u00f4t\u00e9 maternel, est de Remiremont (Vosges). Roger Maridat (\u00e0 gauche) et Alain Bernier (\u00e0 droite). Son p\u00e8re Victor Bernier est maire d&rsquo;Angers, conseiller g\u00e9n\u00e9ral. Son grand-p\u00e8re n&rsquo;est autre qu&rsquo;\u00c9mile Mougin (n\u00e9 \u00e0 \u00c9pinal le 4 d\u00e9cembre 1859, d\u00e9c\u00e9d\u00e9 \u00e0 Angers le 8 f\u00e9vrier 1932), vice-pr\u00e9sident de la Chambre de Commerce d&rsquo;\u00c9pinal, conseiller municipal de Remiremont (1892), puis adjoint (1900), puis maire de la ville de 1912 \u00e0 1925. Et St\u00e9phane Mougin, le fr\u00e8re de celui-ci, se passionnait pour l&rsquo;histoire locale : il a \u00e9crit des essais et habitait \u00e9galement Remiremont, place Maxonrupt, devenue place Jules-M\u00e9line. Pendant pr\u00e8s de 25 ans, Alain Bernier passe toutes ses vacances d&rsquo;\u00e9t\u00e9 \u00e0 Remiremont dans la maison de famille du 4 rue de la Paltr\u00e9e (qui avait appartenu aux Chanoinesses) : c&rsquo;est l\u00e0 qu&rsquo;il a \u00e9crit ses premiers textes, encourag\u00e9 par la tante de sa m\u00e8re, Madame Berthe Henry. \u00c9tudes secondaires au lyc\u00e9e David d&rsquo;Angers. Dipl\u00f4m\u00e9 de Sciences-politiques, licence en droit, dipl\u00f4me d&rsquo;\u00e9tudes sup\u00e9rieures d&rsquo;\u00c9conomie Politique. Une th\u00e8se sur les Incas n&rsquo;a jamais \u00e9t\u00e9 soutenue&#8230; Il a \u00e9galement suivi des cours \u00e0 l&rsquo;\u00c9cole du Louvre. 1944-1948 : Plusieurs \u00ab\u00a0jobs\u00a0\u00bb successifs lui procurent des exp\u00e9riences enrichissantes : interpr\u00e8te dans l&rsquo;arm\u00e9e am\u00e9ricaine, employ\u00e9 \u00e0 France-USA, s\u00e9minaire de trois mois aux \u00c9tats-Unis, stage dans une banque&#8230; 1948 : Il d\u00e9bute sa longue carri\u00e8re au sein du groupe Unilever, o\u00f9 il sera directeur de publicit\u00e9 et des relations publiques. 1959 : Premier roman, aux Presses de la Cit\u00e9 : D&rsquo;une pierre deux corps. De nombreuses sc\u00e8nes se d\u00e9roulent dans le massif du Fossard, pr\u00e8s de Remiremont. Il signe ensuite de nombreux ouvrages avec Roger Maridat. L&rsquo;un de leurs romans (Liliane et son odyss\u00e9e, paru au Fleuve Noir) se d\u00e9roule dans la cit\u00e9 des Chanoinesses et a pour cadre la propri\u00e9t\u00e9 familiale qui donnait sur trois rues : de la Courtine, de la Mouline et de la Paltr\u00e9e. Enfin, le Hou\u00e9, \u00e0 Vagney, les a beaucoup inspir\u00e9s pour l&rsquo;ambiance de Au bout la mort. L&rsquo;influence des Vosges a \u00e9t\u00e9 consid\u00e9rable, \u00e9crit Alain Bernier. Le calme et la beaut\u00e9 de la nature et, en m\u00eame temps, le myst\u00e8re de lieux o\u00f9, enfant, je me perdais (le Hou\u00e9, le Fossard)&#8230; Les endroits \u00e9tranges (le Rond-Caillou, pr\u00e8s de Remiremont) o\u00f9 j&rsquo;ai trouv\u00e9 des pierres avec des empreintes de foug\u00e8res ou des cristaux rouges, \u00e0 mes yeux plus beaux que chez les joailliers&#8230; Le Th\u00e9\u00e2tre du Peuple \u00e0 Bussang o\u00f9 l&rsquo;on applaudissait les pi\u00e8ces de Pottecher et la vedette de l&rsquo;\u00e9poque : Pierre Richard-Wilm&#8230; Et puis surtout, une promenade au Drumont o\u00f9, en 1943, j&rsquo;ai rencontr\u00e9 une vieille Alsacienne qui, au p\u00e9ril de sa vie, franchissait la fronti\u00e8re pour un seul but qui \u00e9tait son bonheur : entendre parler fran\u00e7ais&#8230; Voil\u00e0 des souvenirs que je n&rsquo;oublierai jamais. 2019 : Le 3 f\u00e9vrier, il d\u00e9c\u00e8de \u00e0 Paris [16e arr.], \u00e0 l&rsquo;\u00e2ge de 96 ans. Alain BERNIER m\u00e9rite amplement, avec son ami Roger MARIDAT, de figurer dans cette bibliographie vosgienne ! Roger Maridat Roger Louis \u00c9mile MARIDAT est n\u00e9 \u00e0 Paris le 20 novembre 1930 dans une famille aux origines diverses : parisiennes, berrichonnes, picardes, flamandes, normandes, catalanes, etc. Il est dipl\u00f4m\u00e9 de l&rsquo;Institut de Contr\u00f4le de Gestion. Il d\u00e9bute sa carri\u00e8re dans la marine marchande, puis rejoint le groupe Unilever d\u00e8s 1960, comme directeur administratif et financier de la filiale Recherche commerciale. Il termine sa carri\u00e8re dans cette m\u00eame soci\u00e9t\u00e9 qui, entre-temps, a \u00e9t\u00e9 c\u00e9d\u00e9e \u00e0 un autre groupe international. Soci\u00e9taire de la S.A.C.D., il a toujours \u00e9crit en duo avec Alain Bernier. Il est d\u00e9c\u00e9d\u00e9 le 3 septembre 2016 \u00e0 Neuilly-sur-Seine [92], \u00e0 l&rsquo;\u00e2ge de 85 ans. Voir toutes les couvertures des ouvrages d&rsquo;Alain Bernier et Roger Maridat. Romans. Nouvelles. Po\u00e8mes d&rsquo;Alain Bernier. Th\u00e9\u00e2tre &#8211; Radio &#8211; TV. Petite revue de presse. Victor Bernier, p\u00e8re de famille et maire d&rsquo;Angers.<\/p>\n","protected":false},"author":3,"featured_media":0,"parent":0,"menu_order":0,"comment_status":"closed","ping_status":"closed","template":"","meta":[],"_links":{"self":[{"href":"https:\/\/bernard-visse.fr\/ev\/wp-json\/wp\/v2\/pages\/1702"}],"collection":[{"href":"https:\/\/bernard-visse.fr\/ev\/wp-json\/wp\/v2\/pages"}],"about":[{"href":"https:\/\/bernard-visse.fr\/ev\/wp-json\/wp\/v2\/types\/page"}],"author":[{"embeddable":true,"href":"https:\/\/bernard-visse.fr\/ev\/wp-json\/wp\/v2\/users\/3"}],"replies":[{"embeddable":true,"href":"https:\/\/bernard-visse.fr\/ev\/wp-json\/wp\/v2\/comments?post=1702"}],"version-history":[{"count":17,"href":"https:\/\/bernard-visse.fr\/ev\/wp-json\/wp\/v2\/pages\/1702\/revisions"}],"predecessor-version":[{"id":1741,"href":"https:\/\/bernard-visse.fr\/ev\/wp-json\/wp\/v2\/pages\/1702\/revisions\/1741"}],"wp:attachment":[{"href":"https:\/\/bernard-visse.fr\/ev\/wp-json\/wp\/v2\/media?parent=1702"}],"curies":[{"name":"wp","href":"https:\/\/api.w.org\/{rel}","templated":true}]}}