{"id":1661,"date":"2020-05-05T17:46:28","date_gmt":"2020-05-05T15:46:28","guid":{"rendered":"http:\/\/bernard-visse.fr\/ev\/?page_id=1661"},"modified":"2020-05-05T17:46:29","modified_gmt":"2020-05-05T15:46:29","slug":"les-cinq-sens","status":"publish","type":"page","link":"https:\/\/bernard-visse.fr\/ev\/les-cinq-sens\/","title":{"rendered":"Les Cinq sens"},"content":{"rendered":"\n<p>Un singe dit \u00e0 une sphinge :<br>Les m\u00e9ninges sont dans le s\u00e8che-linge.<\/p>\n\n\n\n<p>Une sourdingue entendit un dingue<br>Piquer une seringue dans une grande bringue.<\/p>\n\n\n\n<p>Un gourou vit un kangourou<br>Prendre un m\u00e9rou sur son deux-roues.<\/p>\n\n\n\n<p>Un tourteau sentit sous le bateau le g\u00e2teau<br>Qui cuisait dans le ch\u00e2teau de l&rsquo;\u00e9l\u00e9phanteau.<\/p>\n\n\n\n<p>Un chacal cl\u00e9rical toucha un bancal<br>Qui gu\u00e9rit dans un bocal param\u00e9dical.<\/p>\n\n\n\n<p><\/p>\n\n\n\n<p><strong>Alain Bernier<\/strong> (<em>L&rsquo;Ar\u00e9opage<\/em>, N\u00b0 55, septembre 2003).<\/p>\n","protected":false},"excerpt":{"rendered":"<p>Un singe dit \u00e0 une sphinge :Les m\u00e9ninges sont dans le s\u00e8che-linge. Une sourdingue entendit un dinguePiquer une seringue dans une grande bringue. Un gourou vit un kangourouPrendre un m\u00e9rou sur son deux-roues. Un tourteau sentit sous le bateau le g\u00e2teauQui cuisait dans le ch\u00e2teau de l&rsquo;\u00e9l\u00e9phanteau. Un chacal cl\u00e9rical toucha un bancalQui gu\u00e9rit dans un bocal param\u00e9dical. Alain Bernier (L&rsquo;Ar\u00e9opage, N\u00b0 55, septembre 2003).<\/p>\n","protected":false},"author":3,"featured_media":0,"parent":0,"menu_order":0,"comment_status":"closed","ping_status":"closed","template":"","meta":[],"_links":{"self":[{"href":"https:\/\/bernard-visse.fr\/ev\/wp-json\/wp\/v2\/pages\/1661"}],"collection":[{"href":"https:\/\/bernard-visse.fr\/ev\/wp-json\/wp\/v2\/pages"}],"about":[{"href":"https:\/\/bernard-visse.fr\/ev\/wp-json\/wp\/v2\/types\/page"}],"author":[{"embeddable":true,"href":"https:\/\/bernard-visse.fr\/ev\/wp-json\/wp\/v2\/users\/3"}],"replies":[{"embeddable":true,"href":"https:\/\/bernard-visse.fr\/ev\/wp-json\/wp\/v2\/comments?post=1661"}],"version-history":[{"count":1,"href":"https:\/\/bernard-visse.fr\/ev\/wp-json\/wp\/v2\/pages\/1661\/revisions"}],"predecessor-version":[{"id":1662,"href":"https:\/\/bernard-visse.fr\/ev\/wp-json\/wp\/v2\/pages\/1661\/revisions\/1662"}],"wp:attachment":[{"href":"https:\/\/bernard-visse.fr\/ev\/wp-json\/wp\/v2\/media?parent=1661"}],"curies":[{"name":"wp","href":"https:\/\/api.w.org\/{rel}","templated":true}]}}