{"id":1629,"date":"2020-05-04T21:39:29","date_gmt":"2020-05-04T19:39:29","guid":{"rendered":"http:\/\/bernard-visse.fr\/ev\/?page_id=1629"},"modified":"2020-05-06T16:53:41","modified_gmt":"2020-05-06T14:53:41","slug":"1629-2","status":"publish","type":"page","link":"https:\/\/bernard-visse.fr\/ev\/1629-2\/","title":{"rendered":"Nouvelles 3"},"content":{"rendered":"\n<p><\/p>\n\n\n\n<p>Alain BERNIER et Roger MARIDAT ont publi\u00e9 plus de 200 nouvelles dans le <em>Journal du Dimanche<\/em>, <em>Le H\u00e9risson<\/em>, <em>Myst\u00e8re Magazine<\/em>, <em>Lui<\/em>, <em>Marius<\/em>, <em>Images du monde<\/em> (Lausanne), <em>Nostradamus<\/em>, <em>Femme pratique<\/em>, <em>Confidences<\/em>, mais aussi dans <em>Scribanne<\/em>, <em>Art\u00e8re<\/em>, <em>Floril\u00e8ge<\/em>, <em>Salmigondis<\/em>, <em>Sol Air<\/em>, <em>T\u00e9n\u00e8bres<\/em>, etc.<\/p>\n\n\n\n<p>A la suite des nouvelles \u00e9crites par <a rel=\"noreferrer noopener\" href=\"https:\/\/bernard-visse.fr\/ev\/nouvelles\/\" target=\"_blank\">Alain Bernier seul<\/a>, celles \u00e9crites en collaboration avec Roger Maridat sont recens\u00e9es :<br>&#8211; <a rel=\"noreferrer noopener\" href=\"https:\/\/bernard-visse.fr\/ev\/nouvelles-2\/\" target=\"_blank\">de 1969 \u00e0 1999<\/a> par ordre alphab\u00e9tique de titres<br>&#8211; <a rel=\"noreferrer noopener\" href=\"https:\/\/bernard-visse.fr\/ev\/1629-2\/\" target=\"_blank\">depuis janvier 2000<\/a> par ordre chronologique<br>avec indication du genre (policier, humour, fantastique, etc.), et avec les mentions du magazine, du lieu de publication et de la date (lorsque celles-ci sont connues).<\/p>\n\n\n\n<p class=\"has-background has-very-light-gray-background-color\">Merci de bien vouloir m&rsquo;indiquer les renseignements compl\u00e9mentaires qui seraient en votre possession (dates et N\u00b0 pr\u00e9cis de magazines, nouvelles manquantes par exemple), en m&rsquo;adressant un <a rel=\"noreferrer noopener\" href=\"mailto:postmaster@ecrivosges.com\" target=\"_blank\">message<\/a>&#8230;<\/p>\n\n\n\n<hr class=\"wp-block-separator\"\/>\n\n\n\n<h3>Nouvelles \u00e9crites en collaboration<br>avec Roger Maridat<\/h3>\n\n\n\n<h4><a>Depuis janvier 2000<\/a> (ordre chronologique)<\/h4>\n\n\n\n<p>N.180 <strong>L&rsquo;Homme de l&rsquo;ann\u00e9e<\/strong> (fantastique)<\/p>\n\n\n\n<p class=\"has-text-align-left\">1. in <em>Sol Air<\/em>, revue francophone, N\u00b0 19.- Nantes, janvier 2000, pp. 35-43.<\/p>\n\n\n\n<p>N.181 <strong>L&rsquo;Homme de ma vie<\/strong> (fantastique)<\/p>\n\n\n\n<p class=\"has-text-align-left\">1. in <em>Sol Air<\/em>, revue francophone, N\u00b0 19.- Nantes, janvier 2000, p. 35-43.<\/p>\n\n\n\n<p>N.182 <strong>Un monde de tendresse<\/strong> (gore)<\/p>\n\n\n\n<p class=\"has-text-align-left\">1. in <em>T\u00e9n\u00e8bres, <\/em>N\u00b09.- Paris, f\u00e9vrier-avril 2000 .- P.78-83.<\/p>\n\n\n\n<p>N.183 <strong>Cin\u00e9ma muet<\/strong> (fantastique)<\/p>\n\n\n\n<p>1. in <em>Salmigondis N\u00b0 13<\/em>.- Saint-Claude, mars 2000.- P. 52-53.<\/p>\n\n\n\n<p>N.184 <strong>Les Rempla\u00e7ants<\/strong> (fantastique)<\/p>\n\n\n\n<p>1. in <em>Sol\u2019Air<\/em>, revue francophone, N\u00b0&nbsp; .- Nantes, juin 2000, p. 55-61.<\/p>\n\n\n\n<p>N.185 <strong>Saskia<\/strong> (fantastique)<\/p>\n\n\n\n<p>1. in <em>Scribanne<\/em>, N\u00b0 31.- Pau, septembre 2000, p. 19-26.<\/p>\n\n\n\n<p>N.186 <strong>Derri\u00e8re les ronces<\/strong> (fantastique)<\/p>\n\n\n\n<p>1. in <em>Floril\u00e8ge<\/em>, N\u00b0 101.- Dijon : Les Po\u00e8tes de l&rsquo;amiti\u00e9, d\u00e9cembre 2000.- Pages 25-31.<\/p>\n\n\n\n<p>N.187 <strong>En souvenir de Laura<\/strong> (fantastique)<\/p>\n\n\n\n<p>1. in <em>Scribanne<\/em>, N\u00b0 32.- Pau, d\u00e9cembre 2000.- Pages 22-27.<\/p>\n\n\n\n<p>Cette nouvelle est suivie d&rsquo;une interview des auteurs (p. 84-87) et d&rsquo;un article sur le genre gore : <strong>En gore et encore&#8230;<\/strong> (p. 88-91)<\/p>\n\n\n\n<p>N.188 <strong>La Lettre attendue<\/strong> (fantastique)<\/p>\n\n\n\n<p>1. in <em>Scribanne<\/em>.- Juran\u00e7on (66), septembre 2001. N\u00b0 35, pp. 43-51.<\/p>\n\n\n\n<p>N.189 <strong>C&rsquo;\u00e9tait \u00e9crit<\/strong> (fantastique)<\/p>\n\n\n\n<p>1. in <em>Floril\u00e8ge<\/em>, revue trimestrielle de cr\u00e9ation litt\u00e9raire, N\u00b0 105.- Dijon, d\u00e9cembre 2001, p. 8-14.<\/p>\n\n\n\n<p>N.190 <strong>Le D\u00e9barquement de mai 1532<\/strong><\/p>\n\n\n\n<p>1er prix du 1er Concours de la Nouvelle historique <em>Tournai la page 2001<\/em>.<\/p>\n\n\n\n<p>1. Publi\u00e9 dans un bulletin diffus\u00e9 par la ville de Tournai en d\u00e9cembre 2001.<\/p>\n\n\n\n<p>2. in <em>Sol\u2019Air<\/em>, revue francophone, N\u00b0 24 &#8211; Nantes, juin 2002.<\/p>\n\n\n\n<p>N.191 <strong>Les Amorales de La Fontaine<\/strong><\/p>\n\n\n\n<p>1. in <em>Floril\u00e8ge<\/em>, revue trimestrielle de cr\u00e9ation litt\u00e9raire, N\u00b0 107.- Dijon, juin 2002, p. 42-53.<\/p>\n\n\n\n<p>N.192 <strong>Le Zapper<\/strong> (fantastique)<\/p>\n\n\n\n<p>1. in <em>Floril\u00e8ge<\/em>, revue trimestrielle de cr\u00e9ation litt\u00e9raire, N\u00b0 108.- Dijon, septembre 2002, p. 12-19. (Sous leur nom v\u00e9ritable).<\/p>\n\n\n\n<p>N.193 <strong>Le Profilage<\/strong> (noir)<\/p>\n\n\n\n<p>1. in <em>Br\u00e8ves<\/em>, revue litt\u00e9raire trimestrielle, N\u00b0 66.- Villelongue d&rsquo;Aude, septembre 2002, p. 28-34 (sous le pseudonyme d&rsquo;\u00c9ric Verteuil).<\/p>\n\n\n\n<p>N.194 <strong>La D\u00e9coration<\/strong> (humour noir)<\/p>\n\n\n\n<p>1. in <em>Les Amis de Thalie<\/em>, N\u00b036.- ?, juin 2003, p. 67-70.<\/p>\n\n\n\n<p>2. in <em>Les Amis de Thalie, volume des 10 ans<\/em>.- Limoges : juin 2004.- 320 p.<\/p>\n\n\n\n<p>N.195 <strong>La V\u00e9randa<\/strong> (fantastique)<\/p>\n\n\n\n<p>1. in <em>Floril\u00e8ge<\/em>, revue trimestrielle de cr\u00e9ation litt\u00e9raire, N\u00b0 111.- Dijon, juin 2003, p. 20-25.<\/p>\n\n\n\n<p>N.196 <strong>Visages \u00e0 l&rsquo;infini<\/strong> (fantastique)<\/p>\n\n\n\n<p>1. in <em>Les Amis de Thalie<\/em>, N\u00b0 \u00ab\u00a0Estivales\u00a0\u00bb.- ?, \u00e9t\u00e9 2003, p. 2-5.<\/p>\n\n\n\n<p>N.197 <strong>Osmose<\/strong> (fantastique)<\/p>\n\n\n\n<p>1. in <em>Sol&rsquo;Air<\/em>, revue francophone, N\u00b0 28.- Nantes, septembre 2003, p. 15-22.<\/p>\n\n\n\n<p>N.198 <strong>Les Ragots d&rsquo;outre-tombe<\/strong> (fantastique)<\/p>\n\n\n\n<p>1. in <em>Les Amis de Thalie<\/em>, N\u00b0 38.- ?, d\u00e9cembre 2003, p. 33-36.<\/p>\n\n\n\n<p>N.199 <strong>La Star<\/strong> (fantastique)<\/p>\n\n\n\n<p>1. in <em>Sol&rsquo;Air<\/em>, revue francophone, N\u00b0 32.- Nantes, septembre 2004, p. 29-37.<\/p>\n\n\n\n<p>N.200 <strong>Derri\u00e8re la vitre<\/strong> (fantastique)<\/p>\n\n\n\n<p>1. in <em>Les Amis de Thalie<\/em>, N\u00b0 42.- ?, d\u00e9cembre 2004, p. 15-18.<\/p>\n\n\n\n<p>N.201 <strong>De mieux en mieux<\/strong> (fantastique)<\/p>\n\n\n\n<p>1. in <em>Floril\u00e8ge<\/em>, N\u00b0 117.- Dijon : Les Po\u00e8tes de l&rsquo;amiti\u00e9, d\u00e9cembre 2004, p. 8-14.<\/p>\n\n\n\n<p>N.202 <strong>Tableaux<\/strong> (humour noir)<\/p>\n\n\n\n<p>1. in <em>Au pupitre des jours<\/em>, (hors s\u00e9rie des <em>Amis de Thalie<\/em>).- Limoges, \u00e9t\u00e9 2005, p. 3-8.<\/p>\n\n\n\n<p>Prix du plus beau texte litt\u00e9raire 2005.<\/p>\n\n\n\n<p>N.203 <strong>Demain les affaires<\/strong> (humour noir)<\/p>\n\n\n\n<p>1. in <em>Floril\u00e8ge<\/em>, N\u00b0 120.- Dijon : Les Po\u00e8tes de l&rsquo;amiti\u00e9, septembre 2005.<\/p>\n\n\n\n<p>N.204 <strong>Le Co\u00fbt de la vie<\/strong> (fantastique)<\/p>\n\n\n\n<p>1. in <em>Floril\u00e8ge<\/em>, N\u00b0 124.- Dijon : Les Po\u00e8tes de l&rsquo;amiti\u00e9, septembre 2006, p. 13-16.<\/p>\n\n\n\n<p>N.205 <strong>L&rsquo;Engagement d&rsquo;un tueur<\/strong> (histoire)<\/p>\n\n\n\n<p>1. in <em>Plumes au vent<\/em>.- Limoges : Les Amis de Thalie, automne 2006, p. 6-9.<\/p>\n\n\n\n<p>N.206 <strong>La Romanci\u00e8re<\/strong> (humour)<\/p>\n\n\n\n<p>1. in <em>Les Amis de Thalie<\/em>, N\u00b0 51.- ?, printemps 2007, p. 70-74.<\/p>\n\n\n\n<p>N.207 <strong>Torpilleurs ! Torpilleuses !<\/strong> (fantastique)<\/p>\n\n\n\n<p>1. in <em>Floril\u00e8ge<\/em>, N\u00b0 127.- Dijon : Les Po\u00e8tes de l&rsquo;amiti\u00e9, juin 2007, p. 6-9.<\/p>\n\n\n\n<p>N.208 <strong>Aspirations<\/strong> (fantastique)<\/p>\n\n\n\n<p>1. in <em>Floril\u00e8ge<\/em>, N\u00b0 127.- Dijon : Les Po\u00e8tes de l&rsquo;amiti\u00e9, juin 2007.<\/p>\n\n\n\n<p>N.209 <strong>Les Photos qui se vident <\/strong>(fantastique)<\/p>\n\n\n\n<p>1. in <em>Floril\u00e8ge<\/em>, N\u00b0 134.- Dijon : Les Po\u00e8tes de l&rsquo;amiti\u00e9, avril 2009.<\/p>\n\n\n\n<p>N.210 <strong>Le Chalet<\/strong> (fantastique)<\/p>\n\n\n\n<p>1. in <em>Les Amis de Thalie<\/em>, volume du 15\u00e8me anniversaire, \u00e9t\u00e9 2009.<\/p>\n\n\n\n<p>N.211 <strong>Ne rien laisser au hasard<\/strong> (policier)<\/p>\n\n\n\n<p>1. in <em>Les Amis de Thalie<\/em> \u2013 De page en page, Anthologie 2009.<\/p>\n\n\n\n<p>N.212 <strong>Espoir Interdit<\/strong> (fantastique)<\/p>\n\n\n\n<p>1. in <em>Floril\u00e8ge<\/em>, N\u00b0137.- Dijon : Les Po\u00e8tes de l&rsquo;amiti\u00e9, d\u00e9cembre 2009.<\/p>\n\n\n\n<p>N.213 <strong>Le Puits<\/strong><\/p>\n\n\n\n<p>1. in <em>Floril\u00e8ge<\/em>, N\u00b0141.- Dijon : Les Po\u00e8tes de l&rsquo;amiti\u00e9, d\u00e9cembre 2010.<\/p>\n\n\n\n<p>N.214 <strong>Vocation<\/strong><\/p>\n\n\n\n<p>1. in <em>Floril\u00e8ge<\/em>, N\u00b0143.- Dijon : Les Po\u00e8tes de l&rsquo;amiti\u00e9, juin 2011.<\/p>\n\n\n\n<p>N.215 <strong>Au bout de la rue<\/strong><\/p>\n\n\n\n<p>1. in <em>Vosges Matin<\/em>.- \u00c9pinal, feuilleton du 21 au 29 novembre 2011.<\/p>\n\n\n\n<p>Cette histoire a pour cadre la maison de famille d&rsquo;Alain Bernier, 4 rue de la Paltr\u00e9e, \u00e0 l&rsquo;\u00e9poque o\u00f9 il venait y passer ses vacances.<\/p>\n\n\n\n<p>N.216 <strong>C comme Cyrano<\/strong><\/p>\n\n\n\n<p>1. in <em>Vosges Matin<\/em>.- \u00c9pinal, feuilleton du 30 novembre au 8 d\u00e9cembre 2011.<\/p>\n\n\n\n<p>N.217 <strong>Les Cigognes<\/strong><\/p>\n\n\n\n<p>1. in <em>Vosges Matin<\/em>.- \u00c9pinal, feuilleton du 9 au 15 d\u00e9cembre 2011.<\/p>\n\n\n\n<p>N.218 <strong>La Maison des voisins<\/strong><\/p>\n\n\n\n<p>1. in <em>Vosges Matin<\/em>.- \u00c9pinal, feuilleton du 14 au 23 d\u00e9cembre 2011.<\/p>\n\n\n\n<p>N.219 <strong>Tout est \u00e0 recommencer<\/strong><\/p>\n\n\n\n<p>1. in <em>Vosges Matin<\/em>.- \u00c9pinal, feuilleton du 24 au 27 d\u00e9cembre 2011.<\/p>\n\n\n\n<p>N.220 <strong>Comptes et comte<\/strong><\/p>\n\n\n\n<p>1. in <em>Floril\u00e8ge<\/em>, N\u00b0147.- Dijon : Les Po\u00e8tes de l&rsquo;amiti\u00e9, juin 2012.<\/p>\n\n\n\n<p>N.221 <strong>On n&rsquo;arr\u00eate pas le progr\u00e8s<\/strong><\/p>\n\n\n\n<p>1. in <em>Les Amis de Thalie<\/em>, Hors s\u00e9rie.- ?, \u00e9t\u00e9 2012.<\/p>\n\n\n\n<p>N.222 <strong>Le Losange<\/strong><\/p>\n\n\n\n<p>1. in <em>Floril\u00e8ge<\/em>, N\u00b0150.- Dijon : Les Po\u00e8tes de l&rsquo;amiti\u00e9, mars 2013.<\/p>\n\n\n\n<p>N.223 <strong>La Bo\u00eete<\/strong><\/p>\n\n\n\n<p>1. in <em>Les Amis de Thalie<\/em>, Anthologie.- ?, 2013.<\/p>\n\n\n\n<p>N.224 <strong>Une page d&rsquo;histoire<\/strong><\/p>\n\n\n\n<p>1. in <em>Floril\u00e8ge<\/em>, N\u00b0151.- Dijon : Les Po\u00e8tes de l&rsquo;amiti\u00e9, juin 2013.<\/p>\n","protected":false},"excerpt":{"rendered":"<p>Alain BERNIER et Roger MARIDAT ont publi\u00e9 plus de 200 nouvelles dans le Journal du Dimanche, Le H\u00e9risson, Myst\u00e8re Magazine, Lui, Marius, Images du monde (Lausanne), Nostradamus, Femme pratique, Confidences, mais aussi dans Scribanne, Art\u00e8re, Floril\u00e8ge, Salmigondis, Sol Air, T\u00e9n\u00e8bres, etc. A la suite des nouvelles \u00e9crites par Alain Bernier seul, celles \u00e9crites en collaboration avec Roger Maridat sont recens\u00e9es :&#8211; de 1969 \u00e0 1999 par ordre alphab\u00e9tique de titres&#8211; depuis janvier 2000 par ordre chronologiqueavec indication du genre (policier, humour, fantastique, etc.), et avec les mentions du magazine, du lieu de publication et de la date (lorsque celles-ci sont connues). Merci de bien vouloir m&rsquo;indiquer les renseignements compl\u00e9mentaires qui seraient en votre possession (dates et N\u00b0 pr\u00e9cis de magazines, nouvelles manquantes par exemple), en m&rsquo;adressant un message&#8230; Nouvelles \u00e9crites en collaborationavec Roger Maridat Depuis janvier 2000 (ordre chronologique) N.180 L&rsquo;Homme de l&rsquo;ann\u00e9e (fantastique) 1. in Sol Air, revue francophone, N\u00b0 19.- Nantes, janvier 2000, pp. 35-43. N.181 L&rsquo;Homme de ma vie (fantastique) 1. in Sol Air, revue francophone, N\u00b0 19.- Nantes, janvier 2000, p. 35-43. N.182 Un monde de tendresse (gore) 1. in T\u00e9n\u00e8bres, N\u00b09.- Paris, f\u00e9vrier-avril 2000 .- P.78-83. N.183 Cin\u00e9ma muet (fantastique) 1. in Salmigondis N\u00b0 13.- Saint-Claude, mars 2000.- P. 52-53. N.184 Les Rempla\u00e7ants (fantastique) 1. in Sol\u2019Air, revue francophone, N\u00b0&nbsp; .- Nantes, juin 2000, p. 55-61. N.185 Saskia (fantastique) 1. in Scribanne, N\u00b0 31.- Pau, septembre 2000, p. 19-26. N.186 Derri\u00e8re les ronces (fantastique) 1. in Floril\u00e8ge, N\u00b0 101.- Dijon : Les Po\u00e8tes de l&rsquo;amiti\u00e9, d\u00e9cembre 2000.- Pages 25-31. N.187 En souvenir de Laura (fantastique) 1. in Scribanne, N\u00b0 32.- Pau, d\u00e9cembre 2000.- Pages 22-27. Cette nouvelle est suivie d&rsquo;une interview des auteurs (p. 84-87) et d&rsquo;un article sur le genre gore : En gore et encore&#8230; (p. 88-91) N.188 La Lettre attendue (fantastique) 1. in Scribanne.- Juran\u00e7on (66), septembre 2001. N\u00b0 35, pp. 43-51. N.189 C&rsquo;\u00e9tait \u00e9crit (fantastique) 1. in Floril\u00e8ge, revue trimestrielle de cr\u00e9ation litt\u00e9raire, N\u00b0 105.- Dijon, d\u00e9cembre 2001, p. 8-14. N.190 Le D\u00e9barquement de mai 1532 1er prix du 1er Concours de la Nouvelle historique Tournai la page 2001. 1. Publi\u00e9 dans un bulletin diffus\u00e9 par la ville de Tournai en d\u00e9cembre 2001. 2. in Sol\u2019Air, revue francophone, N\u00b0 24 &#8211; Nantes, juin 2002. N.191 Les Amorales de La Fontaine 1. in Floril\u00e8ge, revue trimestrielle de cr\u00e9ation litt\u00e9raire, N\u00b0 107.- Dijon, juin 2002, p. 42-53. N.192 Le Zapper (fantastique) 1. in Floril\u00e8ge, revue trimestrielle de cr\u00e9ation litt\u00e9raire, N\u00b0 108.- Dijon, septembre 2002, p. 12-19. (Sous leur nom v\u00e9ritable). N.193 Le Profilage (noir) 1. in Br\u00e8ves, revue litt\u00e9raire trimestrielle, N\u00b0 66.- Villelongue d&rsquo;Aude, septembre 2002, p. 28-34 (sous le pseudonyme d&rsquo;\u00c9ric Verteuil). N.194 La D\u00e9coration (humour noir) 1. in Les Amis de Thalie, N\u00b036.- ?, juin 2003, p. 67-70. 2. in Les Amis de Thalie, volume des 10 ans.- Limoges : juin 2004.- 320 p. N.195 La V\u00e9randa (fantastique) 1. in Floril\u00e8ge, revue trimestrielle de cr\u00e9ation litt\u00e9raire, N\u00b0 111.- Dijon, juin 2003, p. 20-25. N.196 Visages \u00e0 l&rsquo;infini (fantastique) 1. in Les Amis de Thalie, N\u00b0 \u00ab\u00a0Estivales\u00a0\u00bb.- ?, \u00e9t\u00e9 2003, p. 2-5. N.197 Osmose (fantastique) 1. in Sol&rsquo;Air, revue francophone, N\u00b0 28.- Nantes, septembre 2003, p. 15-22. N.198 Les Ragots d&rsquo;outre-tombe (fantastique) 1. in Les Amis de Thalie, N\u00b0 38.- ?, d\u00e9cembre 2003, p. 33-36. N.199 La Star (fantastique) 1. in Sol&rsquo;Air, revue francophone, N\u00b0 32.- Nantes, septembre 2004, p. 29-37. N.200 Derri\u00e8re la vitre (fantastique) 1. in Les Amis de Thalie, N\u00b0 42.- ?, d\u00e9cembre 2004, p. 15-18. N.201 De mieux en mieux (fantastique) 1. in Floril\u00e8ge, N\u00b0 117.- Dijon : Les Po\u00e8tes de l&rsquo;amiti\u00e9, d\u00e9cembre 2004, p. 8-14. N.202 Tableaux (humour noir) 1. in Au pupitre des jours, (hors s\u00e9rie des Amis de Thalie).- Limoges, \u00e9t\u00e9 2005, p. 3-8. Prix du plus beau texte litt\u00e9raire 2005. N.203 Demain les affaires (humour noir) 1. in Floril\u00e8ge, N\u00b0 120.- Dijon : Les Po\u00e8tes de l&rsquo;amiti\u00e9, septembre 2005. N.204 Le Co\u00fbt de la vie (fantastique) 1. in Floril\u00e8ge, N\u00b0 124.- Dijon : Les Po\u00e8tes de l&rsquo;amiti\u00e9, septembre 2006, p. 13-16. N.205 L&rsquo;Engagement d&rsquo;un tueur (histoire) 1. in Plumes au vent.- Limoges : Les Amis de Thalie, automne 2006, p. 6-9. N.206 La Romanci\u00e8re (humour) 1. in Les Amis de Thalie, N\u00b0 51.- ?, printemps 2007, p. 70-74. N.207 Torpilleurs ! Torpilleuses ! (fantastique) 1. in Floril\u00e8ge, N\u00b0 127.- Dijon : Les Po\u00e8tes de l&rsquo;amiti\u00e9, juin 2007, p. 6-9. N.208 Aspirations (fantastique) 1. in Floril\u00e8ge, N\u00b0 127.- Dijon : Les Po\u00e8tes de l&rsquo;amiti\u00e9, juin 2007. N.209 Les Photos qui se vident (fantastique) 1. in Floril\u00e8ge, N\u00b0 134.- Dijon : Les Po\u00e8tes de l&rsquo;amiti\u00e9, avril 2009. N.210 Le Chalet (fantastique) 1. in Les Amis de Thalie, volume du 15\u00e8me anniversaire, \u00e9t\u00e9 2009. N.211 Ne rien laisser au hasard (policier) 1. in Les Amis de Thalie \u2013 De page en page, Anthologie 2009. N.212 Espoir Interdit (fantastique) 1. in Floril\u00e8ge, N\u00b0137.- Dijon : Les Po\u00e8tes de l&rsquo;amiti\u00e9, d\u00e9cembre 2009. N.213 Le Puits 1. in Floril\u00e8ge, N\u00b0141.- Dijon : Les Po\u00e8tes de l&rsquo;amiti\u00e9, d\u00e9cembre 2010. N.214 Vocation 1. in Floril\u00e8ge, N\u00b0143.- Dijon : Les Po\u00e8tes de l&rsquo;amiti\u00e9, juin 2011. N.215 Au bout de la rue 1. in Vosges Matin.- \u00c9pinal, feuilleton du 21 au 29 novembre 2011. Cette histoire a pour cadre la maison de famille d&rsquo;Alain Bernier, 4 rue de la Paltr\u00e9e, \u00e0 l&rsquo;\u00e9poque o\u00f9 il venait y passer ses vacances. N.216 C comme Cyrano 1. in Vosges Matin.- \u00c9pinal, feuilleton du 30 novembre au 8 d\u00e9cembre 2011. N.217 Les Cigognes 1. in Vosges Matin.- \u00c9pinal, feuilleton du 9 au 15 d\u00e9cembre 2011. N.218 La Maison des voisins 1. in Vosges Matin.- \u00c9pinal, feuilleton du 14 au 23 d\u00e9cembre 2011. N.219 Tout est \u00e0 recommencer 1. in Vosges Matin.- \u00c9pinal, feuilleton du 24 au 27 d\u00e9cembre 2011. N.220 Comptes et comte 1. in Floril\u00e8ge, N\u00b0147.- Dijon : Les Po\u00e8tes de l&rsquo;amiti\u00e9, juin 2012. N.221 On n&rsquo;arr\u00eate pas le progr\u00e8s 1. in Les Amis de Thalie, Hors s\u00e9rie.- ?, \u00e9t\u00e9 2012. N.222 Le Losange 1. in Floril\u00e8ge, N\u00b0150.- Dijon : Les Po\u00e8tes de l&rsquo;amiti\u00e9, mars 2013. N.223 La Bo\u00eete 1. in Les Amis de Thalie, Anthologie.- ?, 2013. N.224 Une page d&rsquo;histoire 1. in Floril\u00e8ge, N\u00b0151.- Dijon : Les Po\u00e8tes de l&rsquo;amiti\u00e9, juin 2013.<\/p>\n","protected":false},"author":3,"featured_media":0,"parent":0,"menu_order":0,"comment_status":"closed","ping_status":"closed","template":"","meta":[],"_links":{"self":[{"href":"https:\/\/bernard-visse.fr\/ev\/wp-json\/wp\/v2\/pages\/1629"}],"collection":[{"href":"https:\/\/bernard-visse.fr\/ev\/wp-json\/wp\/v2\/pages"}],"about":[{"href":"https:\/\/bernard-visse.fr\/ev\/wp-json\/wp\/v2\/types\/page"}],"author":[{"embeddable":true,"href":"https:\/\/bernard-visse.fr\/ev\/wp-json\/wp\/v2\/users\/3"}],"replies":[{"embeddable":true,"href":"https:\/\/bernard-visse.fr\/ev\/wp-json\/wp\/v2\/comments?post=1629"}],"version-history":[{"count":8,"href":"https:\/\/bernard-visse.fr\/ev\/wp-json\/wp\/v2\/pages\/1629\/revisions"}],"predecessor-version":[{"id":1736,"href":"https:\/\/bernard-visse.fr\/ev\/wp-json\/wp\/v2\/pages\/1629\/revisions\/1736"}],"wp:attachment":[{"href":"https:\/\/bernard-visse.fr\/ev\/wp-json\/wp\/v2\/media?parent=1629"}],"curies":[{"name":"wp","href":"https:\/\/api.w.org\/{rel}","templated":true}]}}