{"id":1451,"date":"2020-04-27T17:03:45","date_gmt":"2020-04-27T15:03:45","guid":{"rendered":"http:\/\/bernard-visse.fr\/ev\/?page_id=1451"},"modified":"2020-05-06T16:47:26","modified_gmt":"2020-05-06T14:47:26","slug":"nouvelles","status":"publish","type":"page","link":"https:\/\/bernard-visse.fr\/ev\/nouvelles\/","title":{"rendered":"Nouvelles 1"},"content":{"rendered":"\n<p>Alain Bernier et Roger Maridat ont publi\u00e9 plus de 200 nouvelles dans le <em>Journal du Dimanche<\/em>, <em>Le H\u00e9risson<\/em>, <em>Myst\u00e8re Magazine<\/em>, <em>Lui<\/em>, <em>Marius<\/em>, <em>Images du monde<\/em> (Lausanne), <em>Nostradamus<\/em>, <em>Femme pratique<\/em>, <em>Confidences<\/em>, mais aussi dans <em>Scribanne<\/em>, <em>Art\u00e8re<\/em>, <em>Floril\u00e8ge<\/em>, <em>Salmigondis<\/em>, <em>Sol Air<\/em>, <em>T\u00e9n\u00e8bres<\/em>, etc.<\/p>\n\n\n\n<p>A la suite des nouvelles \u00e9crites par <a rel=\"noreferrer noopener\" href=\"https:\/\/bernard-visse.fr\/ev\/nouvelles\/\" target=\"_blank\">Alain Bernier seul<\/a>, celles \u00e9crites en collaboration avec Roger Maridat sont recens\u00e9es :<br>&#8211; <a rel=\"noreferrer noopener\" href=\"https:\/\/bernard-visse.fr\/ev\/nouvelles-2\/\" target=\"_blank\">de 1969 \u00e0 1999<\/a> par ordre alphab\u00e9tique de titres<br>&#8211; <a rel=\"noreferrer noopener\" href=\"https:\/\/bernard-visse.fr\/ev\/1629-2\/\" target=\"_blank\">depuis janvier 2000<\/a> par ordre chronologique <br>avec indication du genre (policier, humour, fantastique, etc.), et avec les mentions du magazine, du lieu de publication et de la date (lorsque celles-ci sont connues).<\/p>\n\n\n\n<p class=\"has-background has-very-light-gray-background-color\">Merci de bien vouloir m&rsquo;indiquer les renseignements compl\u00e9mentaires qui seraient en votre possession (dates et N\u00b0 pr\u00e9cis de magazines, nouvelles manquantes par exemple), en m&rsquo;adressant un <a href=\"mailto:postmaster@ecrivosges.com\">message<\/a>&#8230;<\/p>\n\n\n\n<hr class=\"wp-block-separator\"\/>\n\n\n\n<h3>Nouvelles d&rsquo;Alain BERNIER seul<\/h3>\n\n\n\n<p>N.1 <strong>La Balle\u2026 des Catherinettes<\/strong> (policier)<\/p>\n\n\n\n<p>1. in <em>Le H\u00e9risson<\/em>.- Paris, 20 novembre 1969. Page 14. Ill. : Daniel Billon.<\/p>\n\n\n\n<p>N.2 <strong>Ca\u00efn et la belle<\/strong> (policier)<\/p>\n\n\n\n<p>1. in <em>Le H\u00e9risson<\/em>.- Paris, 7 ao\u00fbt 1969. Page 14. Ill. : Ducourant.<\/p>\n\n\n\n<p>N.3 <strong>Cambrioleur du r\u00e9veillon<\/strong> (policier)<\/p>\n\n\n\n<p>1. in <em>Le Havre libre<\/em>.- Le Havre, 1960.<\/p>\n\n\n\n<p>N.4 <strong>Ces chers petits<\/strong> (humour)<\/p>\n\n\n\n<p>1. in <em>Journal du Dimanche<\/em>.- Paris, 1968. Ill. : Calvi.<\/p>\n\n\n\n<p>N.5 <strong>Courte m\u00e9moire<\/strong> (humour)<\/p>\n\n\n\n<p>1. in <em>Journal du Dimanche<\/em>.- Paris, 1966. Ill. : Guy Maynard.<\/p>\n\n\n\n<p>N.6 <strong>La cr\u00e8me empoisonn\u00e9e<\/strong> (conte policier)<\/p>\n\n\n\n<p>1. in <em>La France australe<\/em>.- Noum\u00e9a, 1962.<\/p>\n\n\n\n<p>N.7<strong> &#8230; De peur et d&rsquo;eau fra\u00eeche<\/strong> (policier)<\/p>\n\n\n\n<p>1. in <em>Myst\u00e8re Magazine<\/em>.- Paris, d\u00e9cembre 1963, N\u00b0 191. Ill. : Jacques Pascal.<\/p>\n\n\n\n<p>N.8 <strong>La Derni\u00e8re bouch\u00e9e<\/strong> (humour)<\/p>\n\n\n\n<p>1. in <em>Journal du Dimanche<\/em>.- Paris, 1970. Ill. : Renaud Deschamps.<\/p>\n\n\n\n<p>N.9 <strong>Homicide \u00e0 trois personnages<\/strong> (policier)<\/p>\n\n\n\n<p>1. in <em>La France australe<\/em>.- Noum\u00e9a, 1962.<\/p>\n\n\n\n<p>N.10 <strong>Le Peintre&#8230; et la femme mod\u00e8le<\/strong> (humour)<\/p>\n\n\n\n<p>1. in <em>Journal du Dimanche<\/em>.- Paris, 1966. Ill. : Sinety.<\/p>\n\n\n\n<p>N.11 <strong>Recettes de bonnes femmes<\/strong> (humour)<\/p>\n\n\n\n<p>1. in <em>Myst\u00e8re Magazine<\/em>.- Paris, mars 1963, N\u00b0 182. Ill. : Jacques Pascal.<\/p>\n\n\n\n<p>N.12 <strong>La R\u00e8gle de trois<\/strong> (policier)<\/p>\n\n\n\n<p>1. in <em>Journal du Dimanche<\/em>.- Paris, 1967.<\/p>\n\n\n\n<p>N.13 <strong>Rem\u00e8de contre la solitude<\/strong> (policier)<\/p>\n\n\n\n<p>1. in <em>Myst\u00e8re Magazine<\/em>.- Paris, juin 1964.<\/p>\n\n\n\n<p>N.14 <strong>Safari familial<\/strong> (policier)<\/p>\n\n\n\n<p>1. in <em>Tricots de Paris<\/em>.- Paris, N\u00b0 197. Ill. : Popineau.<\/p>\n\n\n\n<p>N.15 <strong>Telle pierre, tel fils<\/strong> (humour)<\/p>\n\n\n\n<p>1. in <em>Journal du Dimanche<\/em>.- Paris, 1968.<\/p>\n\n\n\n<p>N.16 <strong>Tombe \u00e0 pic<\/strong> (policier)<\/p>\n\n\n\n<p>1. in <em>Myst\u00e8re Magazine<\/em>.- Paris, octobre 1962, N\u00b0 177. Ill. : Jacques Pascal.<\/p>\n\n\n\n<p>N.17 <strong>Tout le charme du naturel<\/strong> (policier)<\/p>\n\n\n\n<p>1. in <em>Myst\u00e8re Magazine<\/em>.- Paris,&nbsp;&nbsp;&nbsp;.<\/p>\n\n\n\n<p>N.18 <strong>Un mari g\u00e2teau<\/strong> (humour)<\/p>\n\n\n\n<p>1. in <em>Journal du Dimanche<\/em>.- Paris, 1968.<\/p>\n\n\n\n<p>N.19 <strong>Une belle carri\u00e8re<\/strong> (policier)<\/p>\n\n\n\n<p>1. in <em>Tricots de Paris<\/em>.- Paris,&nbsp;&nbsp;. Pages 48-51.<\/p>\n\n\n\n<p>N.20 <strong>Une femme de c\u0153ur vous parle<\/strong> (humour)<\/p>\n\n\n\n<p>1. in <em>Myst\u00e8re Magazine<\/em>.- Paris, janvier 1965.<\/p>\n\n\n\n<p>N.21 <strong>Une femme intelligente <\/strong>(humour)<\/p>\n\n\n\n<p>1. in <em>Journal du Dimanche<\/em>.- Paris, 1965. Ill. : Sinety.<\/p>\n\n\n\n<p>N.22 <strong>Verglas<\/strong> (policier)<\/p>\n\n\n\n<p>1. in <em>Le H\u00e9risson<\/em>.- Paris, 5 mars 1970. Pages 14. Ill. : J. Hodges.<\/p>\n","protected":false},"excerpt":{"rendered":"<p>Alain Bernier et Roger Maridat ont publi\u00e9 plus de 200 nouvelles dans le Journal du Dimanche, Le H\u00e9risson, Myst\u00e8re Magazine, Lui, Marius, Images du monde (Lausanne), Nostradamus, Femme pratique, Confidences, mais aussi dans Scribanne, Art\u00e8re, Floril\u00e8ge, Salmigondis, Sol Air, T\u00e9n\u00e8bres, etc. A la suite des nouvelles \u00e9crites par Alain Bernier seul, celles \u00e9crites en collaboration avec Roger Maridat sont recens\u00e9es :&#8211; de 1969 \u00e0 1999 par ordre alphab\u00e9tique de titres&#8211; depuis janvier 2000 par ordre chronologique avec indication du genre (policier, humour, fantastique, etc.), et avec les mentions du magazine, du lieu de publication et de la date (lorsque celles-ci sont connues). Merci de bien vouloir m&rsquo;indiquer les renseignements compl\u00e9mentaires qui seraient en votre possession (dates et N\u00b0 pr\u00e9cis de magazines, nouvelles manquantes par exemple), en m&rsquo;adressant un message&#8230; Nouvelles d&rsquo;Alain BERNIER seul N.1 La Balle\u2026 des Catherinettes (policier) 1. in Le H\u00e9risson.- Paris, 20 novembre 1969. Page 14. Ill. : Daniel Billon. N.2 Ca\u00efn et la belle (policier) 1. in Le H\u00e9risson.- Paris, 7 ao\u00fbt 1969. Page 14. Ill. : Ducourant. N.3 Cambrioleur du r\u00e9veillon (policier) 1. in Le Havre libre.- Le Havre, 1960. N.4 Ces chers petits (humour) 1. in Journal du Dimanche.- Paris, 1968. Ill. : Calvi. N.5 Courte m\u00e9moire (humour) 1. in Journal du Dimanche.- Paris, 1966. Ill. : Guy Maynard. N.6 La cr\u00e8me empoisonn\u00e9e (conte policier) 1. in La France australe.- Noum\u00e9a, 1962. N.7 &#8230; De peur et d&rsquo;eau fra\u00eeche (policier) 1. in Myst\u00e8re Magazine.- Paris, d\u00e9cembre 1963, N\u00b0 191. Ill. : Jacques Pascal. N.8 La Derni\u00e8re bouch\u00e9e (humour) 1. in Journal du Dimanche.- Paris, 1970. Ill. : Renaud Deschamps. N.9 Homicide \u00e0 trois personnages (policier) 1. in La France australe.- Noum\u00e9a, 1962. N.10 Le Peintre&#8230; et la femme mod\u00e8le (humour) 1. in Journal du Dimanche.- Paris, 1966. Ill. : Sinety. N.11 Recettes de bonnes femmes (humour) 1. in Myst\u00e8re Magazine.- Paris, mars 1963, N\u00b0 182. Ill. : Jacques Pascal. N.12 La R\u00e8gle de trois (policier) 1. in Journal du Dimanche.- Paris, 1967. N.13 Rem\u00e8de contre la solitude (policier) 1. in Myst\u00e8re Magazine.- Paris, juin 1964. N.14 Safari familial (policier) 1. in Tricots de Paris.- Paris, N\u00b0 197. Ill. : Popineau. N.15 Telle pierre, tel fils (humour) 1. in Journal du Dimanche.- Paris, 1968. N.16 Tombe \u00e0 pic (policier) 1. in Myst\u00e8re Magazine.- Paris, octobre 1962, N\u00b0 177. Ill. : Jacques Pascal. N.17 Tout le charme du naturel (policier) 1. in Myst\u00e8re Magazine.- Paris,&nbsp;&nbsp;&nbsp;. N.18 Un mari g\u00e2teau (humour) 1. in Journal du Dimanche.- Paris, 1968. N.19 Une belle carri\u00e8re (policier) 1. in Tricots de Paris.- Paris,&nbsp;&nbsp;. Pages 48-51. N.20 Une femme de c\u0153ur vous parle (humour) 1. in Myst\u00e8re Magazine.- Paris, janvier 1965. N.21 Une femme intelligente (humour) 1. in Journal du Dimanche.- Paris, 1965. Ill. : Sinety. N.22 Verglas (policier) 1. in Le H\u00e9risson.- Paris, 5 mars 1970. Pages 14. Ill. : J. Hodges.<\/p>\n","protected":false},"author":3,"featured_media":0,"parent":0,"menu_order":0,"comment_status":"closed","ping_status":"closed","template":"","meta":[],"_links":{"self":[{"href":"https:\/\/bernard-visse.fr\/ev\/wp-json\/wp\/v2\/pages\/1451"}],"collection":[{"href":"https:\/\/bernard-visse.fr\/ev\/wp-json\/wp\/v2\/pages"}],"about":[{"href":"https:\/\/bernard-visse.fr\/ev\/wp-json\/wp\/v2\/types\/page"}],"author":[{"embeddable":true,"href":"https:\/\/bernard-visse.fr\/ev\/wp-json\/wp\/v2\/users\/3"}],"replies":[{"embeddable":true,"href":"https:\/\/bernard-visse.fr\/ev\/wp-json\/wp\/v2\/comments?post=1451"}],"version-history":[{"count":8,"href":"https:\/\/bernard-visse.fr\/ev\/wp-json\/wp\/v2\/pages\/1451\/revisions"}],"predecessor-version":[{"id":1731,"href":"https:\/\/bernard-visse.fr\/ev\/wp-json\/wp\/v2\/pages\/1451\/revisions\/1731"}],"wp:attachment":[{"href":"https:\/\/bernard-visse.fr\/ev\/wp-json\/wp\/v2\/media?parent=1451"}],"curies":[{"name":"wp","href":"https:\/\/api.w.org\/{rel}","templated":true}]}}