{"id":1344,"date":"2020-04-23T21:45:02","date_gmt":"2020-04-23T19:45:02","guid":{"rendered":"http:\/\/bernard-visse.fr\/ev\/?page_id=1344"},"modified":"2020-04-24T17:42:24","modified_gmt":"2020-04-24T15:42:24","slug":"prix-de-fontenoy-la-joute-2","status":"publish","type":"page","link":"https:\/\/bernard-visse.fr\/ev\/prix-de-fontenoy-la-joute-2\/","title":{"rendered":"Concours d&rsquo;\u00e9criture de Fontenoy-la-Jo\u00fbte"},"content":{"rendered":"\n<p>Chaque ann\u00e9e depuis 1997, l&rsquo;association <em>Les Amis du Livre<\/em>, qui anime le <em>Village du Livre de Fontenoy-la-Jo\u00fbte<\/em> (Meurthe-et-Moselle), organise un concours d&rsquo;\u00e9criture. Il s&rsquo;inscrit pleinement dans la vocation premi\u00e8re de Fontenoy, en l\u2019occurrence la promotion de la lecture et de l&rsquo;\u00e9criture chez les jeunes g\u00e9n\u00e9rations en particulier.<\/p>\n\n\n\n<p>Ce concours est annuel et financ\u00e9 par le Village du Livre de Fontenoy-la-Jo\u00fbte, en partenariat avec le Conseil R\u00e9gional Grand Est, le Conseil D\u00e9partemental de Meurthe-et-Moselle, la Communaut\u00e9 de Communes du territoire de Lun\u00e9ville \u00e0 Baccarat, ainsi que la commune de Fontenoy-la-Jo\u00fbte.<\/p>\n\n\n\n<h3><strong>Sujet pour 2020<\/strong> <\/h3>\n\n\n\n<p>Pour la 23e \u00e9dition du concours d&rsquo;\u00e9criture du Village du Livre de Fontenoy-la-Jo\u00fbte, l\u2019Association Les Amis du Livre vous propose de cr\u00e9er un texte sur le th\u00e8me suivant : D\u2019EAU ET DE FEU<\/p>\n\n\n\n<p>Sujet : En un texte d\u2019un genre litt\u00e9raire de votre choix (r\u00e9cit, po\u00e8me, fable, essai, etc.), inventez une histoire in\u00e9dite et passionnante en explorant toutes les possibilit\u00e9s inh\u00e9rentes \u00e0 l\u2019association de ces DEUX \u00c9L\u00c9MENTS.<\/p>\n\n\n\n<p>\u00ab <em>Devant l\u2019union de l\u2019eau et du feu les philosophes les plus s\u00e9rieux perdent la raison<\/em> \u00bb G. BACHELARD.<\/p>\n\n\n\n<p>Mais aussi : \u00ab <em>Les chats trop menac\u00e9s par le feu finissent tout de m\u00eame par aller se jeter dans l\u2019eau<\/em> \u00bb  L.F C\u00c9LINE.<\/p>\n\n\n\n<h3>Modalit\u00e9s de participation<\/h3>\n\n\n\n<p>1. Ce concours gratuit est ouvert \u00e0 tous,\u00e9crivains amateurs (non professionnels et non publi\u00e9s) de France et d&rsquo;ailleurs. Il faut distinguer 4 cat\u00e9gories :<br>. \u0152uvres individuelles Jeunes : enfants et adolescents de moins de 18 ans.<br>. \u0152uvres individuelles Adultes.<br>. \u0152uvres collectives Jeunes : classes des \u00e9coles primaires, des coll\u00e8ges, des lyc\u00e9es et composition \u00e0 plusieurs de moins de 18 ans.<br>. \u0152uvres Collectives Adultes : composition \u00e0 plusieurs adultes.<\/p>\n\n\n\n<ol start=\"2\"><li>Toutes les nouvelles in\u00e9dites et libres de droits seront prises en compte.<\/li><li>Les textes doivent \u00eatre \u00e9crits en langue fran\u00e7aise et une m\u00eame nouvelle ne peut \u00eatre pr\u00e9sent\u00e9e plusieurs ann\u00e9es de suite.<\/li><li>Les textes doivent imp\u00e9rativement \u00eatre r\u00e9dig\u00e9s sur le th\u00e8me \u00ab D\u2019EAU ET DE FEU \u00bb.<\/li><li>Les textes doivent avoir un maximum de 15 000 caract\u00e8res (espaces compris), ponctuation et espaces comptant pour un signe.<\/li><li>Nous n\u2019accepterons qu\u2019un seul texte par candidat.<\/li><li>Le dossier doit comprendre :<\/li><\/ol>\n\n\n\n<ul><li>Une fiche d\u2019inscription, soit \u00ab \u0153uvre individuelle \u00bb, soit \u00ab \u0153uvre collective \u00bb, suivant les modalit\u00e9s choisies.<\/li><li>7 exemplaires de l\u2019\u0153uvre, anonymes, pagin\u00e9s et assembl\u00e9s d\u2019une simple agrafe au coin sup\u00e9rieur gauche.<\/li><li>1 exemplaire devra \u00eatre envoy\u00e9 sous format \u00ab .doc \u00bb lisible sur PC \u00e0 l\u2019adresse mail du village du livre : contact@villagedulivre54.fr<\/li><\/ul>\n\n\n\n<ol start=\"2\"><li>Le secr\u00e9tariat du <em>Village du Livre<\/em> accusera r\u00e9ception des textes et sera le garant de l\u2019anonymat des copies. Les dossiers incomplets et\/ou non-conformes aux modalit\u00e9s d\u00e9crites ci-dessus pourront \u00eatre refus\u00e9s.<\/li><\/ol>\n\n\n\n<h3>Calendrier<\/h3>\n\n\n\n<ol><li>Les dossiers complets doivent parvenir au Secr\u00e9tariat du <em>Village du Livre<\/em> :<br>Les Amis du Livre <br>39 bis rue Division-Leclerc<br>54122 Fontenoy-la-Jo\u00fbte<br>au plus tard le mercredi 15 avril 2020.<br><\/li><li>Renseignements : <a href=\"mailto:contact@villagedulivre54.fr\" target=\"_blank\" rel=\"noreferrer noopener\">contact@villagedulivre54.fr<\/a>&nbsp;<br><\/li><li>Les r\u00e9sultats seront annonc\u00e9s \u00e0 la remise des prix qui aura lieu le dimanche 28 juin 2020 \u00e0 10h30 \u00e0 la <em>Maison Pour Tous<\/em> de Fontenoy-la-Jo\u00fbte. N\u00e9anmoins, le <em>Village du Livre<\/em> se r\u00e9serve le droit de modifier ce calendrier.<\/li><\/ol>\n\n\n\n<h3>Publication du recueil<\/h3>\n\n\n\n<ol><li>Tous les textes in\u00e9dits et libres de droits seront pris en compte.<\/li><li>Le Jury est compos\u00e9 de personnes ind\u00e9pendantes et b\u00e9n\u00e9voles qui ne peuvent participer au concours.<\/li><li>Le Jury nomme tous les laur\u00e9ats au terme de ses d\u00e9lib\u00e9rations.<\/li><li>Les laur\u00e9ats renoncent \u00e0 leurs droits d\u2019auteur.<\/li><li>Pour toute publication ult\u00e9rieure, les laur\u00e9ats s\u2019engagent \u00e0 faire figurer la mention : \u00ab <em>Publi\u00e9 pour la premi\u00e8re fois par le Village du Livre de Fontenoy-la-Jo\u00fbte. Texte prim\u00e9 lors du Concours d\u2019\u00c9criture de \u00ab l\u2019ann\u00e9e en question \u00bb<\/em>.<\/li><li>Le Village du Livre \u00e9dite \u00e0 ses frais un ouvrage collectif qui rassemble les textes des laur\u00e9ats. Il d\u00e9cide du tirage, du format et de la qualit\u00e9 de l\u2019\u00e9dition.<\/li><li>Comme r\u00e9compense, chaque laur\u00e9at re\u00e7oit 5 exemplaires du recueil.<\/li><\/ol>\n\n\n\n<h3>Sujets pr\u00e9c\u00e9dents<\/h3>\n\n\n\n<p><strong>2020 :<\/strong> <em>D&rsquo;eau et de feu.<\/em><\/p>\n\n\n\n<p><strong>2019 :<\/strong> <em>Danser au rythme des mots.<\/em><\/p>\n\n\n\n<p><strong>2018 :<\/strong> <em>\u00c9cris-moi une sculpture.<\/em><\/p>\n\n\n\n<p><strong>2017 :<\/strong> <em>Du concerto \u00e0 l&rsquo;\u00e9criture.<\/em><\/p>\n\n\n\n<p><strong>2016 :<\/strong> <em>Voyage au pays des vieux livres.<\/em><\/p>\n\n\n\n<p><strong>2015 :<\/strong> <em>\u00c9cris-moi une peinture.<\/em><\/p>\n\n\n\n<p><strong>2014 :<\/strong> <\/p>\n\n\n\n<p><strong>2013 :<\/strong> <em>Les nouveaux Pagnol<\/em>.<\/p>\n\n\n\n<p><strong>2012 :<\/strong> <em>Les nouveaux voyages d&rsquo;Ulysse<\/em>.<\/p>\n\n\n\n<p><strong>2011 :<\/strong> <em>Les nouveaux Jean de La Fontaine<\/em>.<\/p>\n\n\n\n<p><strong>2010 :<\/strong> <em>Les nouveaux chevaliers de la Table ronde<\/em>.<\/p>\n\n\n\n<p><strong>2009 :<\/strong> <em>Les nouveaux Victor Hugo<\/em>.<\/p>\n\n\n\n<p><strong>2008 :<\/strong> <em>Les nouveaux Marcel Aym\u00e9<\/em>.<\/p>\n\n\n\n<p><strong>2007 :<\/strong> <em>Les nouveaux polars<\/em>.<\/p>\n\n\n\n<p><strong>2006 :<\/strong> <em>Les nouveaux Hans Christian Andersen<\/em>.<\/p>\n\n\n\n<p><strong>2005 :<\/strong> <em>Les nouveaux George Sand<\/em>.<\/p>\n\n\n\n<p><strong>2004 :<\/strong> <em>Les nouveaux Charles Dickens<\/em>.<\/p>\n\n\n\n<p><strong>2003 :<\/strong> <em>Les nouveaux Charles Perrault<\/em>.<\/p>\n\n\n\n<p><strong>2002 :<\/strong> <em>Les nouveaux Robinson Cruso\u00eb<\/em>.<\/p>\n\n\n\n<p><strong>2001 :<\/strong> <em>Les nouveaux Ars\u00e8ne Lupin<\/em>. En collaboration avec Madame Leblanc, unique petite fille de Maurice Leblanc, avec le parrainage de Georges Descri\u00e8res.<\/p>\n\n\n\n<p><strong>2000 :<\/strong> Les Nouveaux Petits Princes. En l&rsquo;honneur du centenaire de la naissance de Saint-Exup\u00e9ry (1900-1944) et de l&rsquo;av\u00e8nement du troisi\u00e8me mill\u00e9naire.<\/p>\n\n\n\n<p><strong>1999 :<\/strong> Les Nouveaux Trois mousquetaires. R\u00e9digez une nouvelle en hommage \u00e0 Alexandre DUMAS, l&rsquo;auteur des Trois mousquetaires, en vous inspirant librement de son \u0153uvre. Pr\u00e9sident du jury : Paul-Loup Sulitzer.<\/p>\n\n\n\n<p><strong>1998 :<\/strong> <em>Les Nouveaux Jules Verne<\/em><\/p>\n\n\n\n<p><strong>1997 :<\/strong> <em>Les Nouvelles Lettres de mon moulin<\/em><\/p>\n","protected":false},"excerpt":{"rendered":"<p>Chaque ann\u00e9e depuis 1997, l&rsquo;association Les Amis du Livre, qui anime le Village du Livre de Fontenoy-la-Jo\u00fbte (Meurthe-et-Moselle), organise un concours d&rsquo;\u00e9criture. Il s&rsquo;inscrit pleinement dans la vocation premi\u00e8re de Fontenoy, en l\u2019occurrence la promotion de la lecture et de l&rsquo;\u00e9criture chez les jeunes g\u00e9n\u00e9rations en particulier. Ce concours est annuel et financ\u00e9 par le Village du Livre de Fontenoy-la-Jo\u00fbte, en partenariat avec le Conseil R\u00e9gional Grand Est, le Conseil D\u00e9partemental de Meurthe-et-Moselle, la Communaut\u00e9 de Communes du territoire de Lun\u00e9ville \u00e0 Baccarat, ainsi que la commune de Fontenoy-la-Jo\u00fbte. Sujet pour 2020 Pour la 23e \u00e9dition du concours d&rsquo;\u00e9criture du Village du Livre de Fontenoy-la-Jo\u00fbte, l\u2019Association Les Amis du Livre vous propose de cr\u00e9er un texte sur le th\u00e8me suivant : D\u2019EAU ET DE FEU Sujet : En un texte d\u2019un genre litt\u00e9raire de votre choix (r\u00e9cit, po\u00e8me, fable, essai, etc.), inventez une histoire in\u00e9dite et passionnante en explorant toutes les possibilit\u00e9s inh\u00e9rentes \u00e0 l\u2019association de ces DEUX \u00c9L\u00c9MENTS. \u00ab Devant l\u2019union de l\u2019eau et du feu les philosophes les plus s\u00e9rieux perdent la raison \u00bb G. BACHELARD. Mais aussi : \u00ab Les chats trop menac\u00e9s par le feu finissent tout de m\u00eame par aller se jeter dans l\u2019eau \u00bb L.F C\u00c9LINE. Modalit\u00e9s de participation 1. Ce concours gratuit est ouvert \u00e0 tous,\u00e9crivains amateurs (non professionnels et non publi\u00e9s) de France et d&rsquo;ailleurs. Il faut distinguer 4 cat\u00e9gories :. \u0152uvres individuelles Jeunes : enfants et adolescents de moins de 18 ans.. \u0152uvres individuelles Adultes.. \u0152uvres collectives Jeunes : classes des \u00e9coles primaires, des coll\u00e8ges, des lyc\u00e9es et composition \u00e0 plusieurs de moins de 18 ans.. \u0152uvres Collectives Adultes : composition \u00e0 plusieurs adultes. Toutes les nouvelles in\u00e9dites et libres de droits seront prises en compte. Les textes doivent \u00eatre \u00e9crits en langue fran\u00e7aise et une m\u00eame nouvelle ne peut \u00eatre pr\u00e9sent\u00e9e plusieurs ann\u00e9es de suite. Les textes doivent imp\u00e9rativement \u00eatre r\u00e9dig\u00e9s sur le th\u00e8me \u00ab D\u2019EAU ET DE FEU \u00bb. Les textes doivent avoir un maximum de 15 000 caract\u00e8res (espaces compris), ponctuation et espaces comptant pour un signe. Nous n\u2019accepterons qu\u2019un seul texte par candidat. Le dossier doit comprendre : Une fiche d\u2019inscription, soit \u00ab \u0153uvre individuelle \u00bb, soit \u00ab \u0153uvre collective \u00bb, suivant les modalit\u00e9s choisies. 7 exemplaires de l\u2019\u0153uvre, anonymes, pagin\u00e9s et assembl\u00e9s d\u2019une simple agrafe au coin sup\u00e9rieur gauche. 1 exemplaire devra \u00eatre envoy\u00e9 sous format \u00ab .doc \u00bb lisible sur PC \u00e0 l\u2019adresse mail du village du livre : contact@villagedulivre54.fr Le secr\u00e9tariat du Village du Livre accusera r\u00e9ception des textes et sera le garant de l\u2019anonymat des copies. Les dossiers incomplets et\/ou non-conformes aux modalit\u00e9s d\u00e9crites ci-dessus pourront \u00eatre refus\u00e9s. Calendrier Les dossiers complets doivent parvenir au Secr\u00e9tariat du Village du Livre :Les Amis du Livre 39 bis rue Division-Leclerc54122 Fontenoy-la-Jo\u00fbteau plus tard le mercredi 15 avril 2020. Renseignements : contact@villagedulivre54.fr&nbsp; Les r\u00e9sultats seront annonc\u00e9s \u00e0 la remise des prix qui aura lieu le dimanche 28 juin 2020 \u00e0 10h30 \u00e0 la Maison Pour Tous de Fontenoy-la-Jo\u00fbte. N\u00e9anmoins, le Village du Livre se r\u00e9serve le droit de modifier ce calendrier. Publication du recueil Tous les textes in\u00e9dits et libres de droits seront pris en compte. Le Jury est compos\u00e9 de personnes ind\u00e9pendantes et b\u00e9n\u00e9voles qui ne peuvent participer au concours. Le Jury nomme tous les laur\u00e9ats au terme de ses d\u00e9lib\u00e9rations. Les laur\u00e9ats renoncent \u00e0 leurs droits d\u2019auteur. Pour toute publication ult\u00e9rieure, les laur\u00e9ats s\u2019engagent \u00e0 faire figurer la mention : \u00ab Publi\u00e9 pour la premi\u00e8re fois par le Village du Livre de Fontenoy-la-Jo\u00fbte. Texte prim\u00e9 lors du Concours d\u2019\u00c9criture de \u00ab l\u2019ann\u00e9e en question \u00bb. Le Village du Livre \u00e9dite \u00e0 ses frais un ouvrage collectif qui rassemble les textes des laur\u00e9ats. Il d\u00e9cide du tirage, du format et de la qualit\u00e9 de l\u2019\u00e9dition. Comme r\u00e9compense, chaque laur\u00e9at re\u00e7oit 5 exemplaires du recueil. Sujets pr\u00e9c\u00e9dents 2020 : D&rsquo;eau et de feu. 2019 : Danser au rythme des mots. 2018 : \u00c9cris-moi une sculpture. 2017 : Du concerto \u00e0 l&rsquo;\u00e9criture. 2016 : Voyage au pays des vieux livres. 2015 : \u00c9cris-moi une peinture. 2014 : 2013 : Les nouveaux Pagnol. 2012 : Les nouveaux voyages d&rsquo;Ulysse. 2011 : Les nouveaux Jean de La Fontaine. 2010 : Les nouveaux chevaliers de la Table ronde. 2009 : Les nouveaux Victor Hugo. 2008 : Les nouveaux Marcel Aym\u00e9. 2007 : Les nouveaux polars. 2006 : Les nouveaux Hans Christian Andersen. 2005 : Les nouveaux George Sand. 2004 : Les nouveaux Charles Dickens. 2003 : Les nouveaux Charles Perrault. 2002 : Les nouveaux Robinson Cruso\u00eb. 2001 : Les nouveaux Ars\u00e8ne Lupin. En collaboration avec Madame Leblanc, unique petite fille de Maurice Leblanc, avec le parrainage de Georges Descri\u00e8res. 2000 : Les Nouveaux Petits Princes. En l&rsquo;honneur du centenaire de la naissance de Saint-Exup\u00e9ry (1900-1944) et de l&rsquo;av\u00e8nement du troisi\u00e8me mill\u00e9naire. 1999 : Les Nouveaux Trois mousquetaires. R\u00e9digez une nouvelle en hommage \u00e0 Alexandre DUMAS, l&rsquo;auteur des Trois mousquetaires, en vous inspirant librement de son \u0153uvre. Pr\u00e9sident du jury : Paul-Loup Sulitzer. 1998 : Les Nouveaux Jules Verne 1997 : Les Nouvelles Lettres de mon moulin<\/p>\n","protected":false},"author":3,"featured_media":0,"parent":0,"menu_order":0,"comment_status":"closed","ping_status":"closed","template":"","meta":[],"_links":{"self":[{"href":"https:\/\/bernard-visse.fr\/ev\/wp-json\/wp\/v2\/pages\/1344"}],"collection":[{"href":"https:\/\/bernard-visse.fr\/ev\/wp-json\/wp\/v2\/pages"}],"about":[{"href":"https:\/\/bernard-visse.fr\/ev\/wp-json\/wp\/v2\/types\/page"}],"author":[{"embeddable":true,"href":"https:\/\/bernard-visse.fr\/ev\/wp-json\/wp\/v2\/users\/3"}],"replies":[{"embeddable":true,"href":"https:\/\/bernard-visse.fr\/ev\/wp-json\/wp\/v2\/comments?post=1344"}],"version-history":[{"count":4,"href":"https:\/\/bernard-visse.fr\/ev\/wp-json\/wp\/v2\/pages\/1344\/revisions"}],"predecessor-version":[{"id":1378,"href":"https:\/\/bernard-visse.fr\/ev\/wp-json\/wp\/v2\/pages\/1344\/revisions\/1378"}],"wp:attachment":[{"href":"https:\/\/bernard-visse.fr\/ev\/wp-json\/wp\/v2\/media?parent=1344"}],"curies":[{"name":"wp","href":"https:\/\/api.w.org\/{rel}","templated":true}]}}