{"id":105,"date":"2020-04-07T21:40:18","date_gmt":"2020-04-07T19:40:18","guid":{"rendered":"http:\/\/bernard-visse.fr\/ev\/?page_id=105"},"modified":"2020-04-18T20:28:42","modified_gmt":"2020-04-18T18:28:42","slug":"liens","status":"publish","type":"page","link":"https:\/\/bernard-visse.fr\/ev\/liens\/","title":{"rendered":"Liens recommand\u00e9s"},"content":{"rendered":"\n<figure class=\"wp-block-table\">\n<table>\n<tbody>\n<tr><td class=\"has-text-align-right\" data-align=\"right\">\n<br>\n<img loading=\"lazy\" src=\"http:\/\/www.ecrivosges.com\/liens\/images\/Les_ecrivains_et_les_Vosges.gif\" width=\"120\" height=\"60\">\n<br>\nWebmasters, il vous plaira peut-\u00eatre d&rsquo;utiliser ce visuel<br>pour \u00e9tablir un lien (http:\/\/www.ecrivosges.com) avec votre site&#8230;<br>Merci.<\/td>\n<\/tr>\n<tr><td class=\"has-text-align-right\" data-align=\"right\">Il y a peu (pas ?) d&rsquo;autres initiatives semblables<br>au projet EcriVosges sur le net&#8230;<br>Si ce n&rsquo;est celle-ci : <a href=\"http:\/\/litterature01.chez-alice.fr\/Auteurs-Alpha.html\"><strong>Toutes les litt\u00e9ratures des pays de l&rsquo;Ain<\/strong><\/a>.<\/td><\/tr>\n<tr><td class=\"has-text-align-right\" data-align=\"right\"><\/td><\/tr>\n<tr><td class=\"has-text-align-right\" data-align=\"right\">Chaque jour ou presque, <a href=\"http:\/\/appuyezsurlatouchelecture.blogspot.fr\/\"><strong>Appuyez sur la touche Lecture<\/strong><\/a>, <br>avec Christophe de Jerphanion.<\/td><\/tr>\n<tr><td class=\"has-text-align-right\" data-align=\"right\">Lisez les <a href=\"http:\/\/pdidion.free.fr\/\"><strong>Notules dominicales de Culture domestique (et de vill\u00e9giature exotique)<\/strong><\/a>, de Philippe Didion !<\/td><\/tr>\n<tr><td>\n\n[su_box title=\u00a0\u00bbQuartier des auteurs\u00a0\u00bb style=\u00a0\u00bbsoft\u00a0\u00bb box_color=\u00a0\u00bb#333333&Prime; title_color=\u00a0\u00bb#FFFFFF\u00a0\u00bb radius=\u00a0\u00bb3&Prime; class=\u00a0\u00bb\u00a0\u00bb id=\u00a0\u00bb\u00a0\u00bb]\n<a href=\"https:\/\/www.pierrepelot.fr\/pierre_pelot_la_taniere\/accueil.html\"><br>Pierre PELOT<\/a><br>\n<a href=\"http:\/\/dylan.pelot.free.fr\/\"><br>Dylan PELOT<\/a><br>\n<a href=\"http:\/\/www.remue.net\">Fran\u00e7ois BON<\/a><br>\n<a href=\"http:\/\/cosmogonie.free.fr\/index2.html\">Anne GARRETA<\/a><br>\n<a href=\"http:\/\/www.stephenking.com\">Stephen KING<\/a><br>\n<a href=\"\">Gilles LAPORTE<\/a><br>\n<a href=\"http:\/\/www.saint-exupery.org\/\">Antoine de SAINT-EXUPERY<\/a><br>\n<a href=\"http:\/\/www.yves-simon.com\">Yves SIMON<\/a><br>\n<a href=\"http:\/\/borisvian.free.fr\/\">Boris VIAN<\/a><br>[\/su_box]\n<\/td><\/tr>\n\n<tr><td class=\"has-text-align-right\" data-align=\"right\"><\/td><\/tr>\n<tr><td class=\"has-text-align-right\" data-align=\"right\"><strong>Quartier des libraires<\/strong><a href=\"http:\/\/www.aumoulindeslettres.fr\"><br><strong>Librairie Au Moulin des Lettres<\/strong><\/a><br>\n50, quai des Bons-Enfants &#8211; 88000 EPINAL<br>\n<strong><a rel=\"noreferrer noopener\" href=\"https:\/\/www.quaidesmots.fr\/\" target=\"_blank\">Librairie Quai des Mots<\/a><\/strong><br>\n4, place Charles-de-Gaulle &#8211; 88000 EPINAL<br>\n<strong><a rel=\"noreferrer noopener\" href=\"https:\/\/www.librairieleneuf.fr\/\" target=\"_blank\">Librairie Le Neuf<\/a><\/strong><br>\n5, quai Mar\u00e9chal-Leclerc &#8211; 88100 SAINT-DIE-DES-VOSGES<br><br><br>\n<a href=\"http:\/\/www.lexlibris.com\">L&rsquo;Ex-libris<\/a>, livres anciens et d&rsquo;occasion<br>\n<a href=\"http:\/\/www.librissimo.com\">Librissimo<\/a>, fac-simil\u00e9s d&rsquo;ouvrages fran\u00e7ais rares ou \u00e9puis\u00e9s<br>\n<a href=\"http:\/\/www.le-livre.com\">Le Livre.com<\/a><br>\n<a href=\"http:\/\/www.marelle.fr\">Marelle<\/a><br>\n<a href=\"http:\/\/www.livres-anciens.com.fr\">Livres anciens<\/a><\/td><\/tr>\n<tr><td class=\"has-text-align-right\" data-align=\"right\"><strong>Autres ressources<\/strong><br>\n<a href=\"http:\/\/www.lire.fr\">La revue Lire<br><\/a><br>\n<strong>Bande dessin\u00e9e<\/strong><br>\n<a href=\"http:\/\/www.bdparadisio.com\">bdparadisio<\/a><br>\n<a href=\"http:\/\/www.ricochet-jeunes.org\">Illustrateurs<\/a><br>\n<strong>Biblioth\u00e8ques<\/strong><br>\n<a href=\"http:\/\/www.bnf.fr\">Biblioth\u00e8que nationale de France<br><\/a>\n<a href=\"http:\/\/abu.cnam.fr\/index.html\">Biblioth\u00e8que universelle<\/a><br>\n<a href=\"http:\/\/www.hatt.nom.fr\/rhetorique\/\">Fleurs de rh\u00e9torique<\/a> <br>\n<br><strong>Humour noir<br><\/strong>\n<a href=\"http:\/\/www.koikadit.net\">La m\u00f4me n\u00e9ant<\/a><br>\n<a href=\"http:\/\/perso.wanadoo.fr\/labyrinthe\/\">Labyrinthe<\/a><br>\n<a href=\"http:\/\/www.lmda.net\">Le Matricule des anges<\/a><br>\n<a href=\"http:\/\/www.republique-des-lettres.com\">La R\u00e9publique des Lettres<\/a><br>\n<strong>Magazines<\/strong><br>\n<a href=\"http:\/\/www.telerama.fr\">T\u00e9l\u00e9rama<\/a><br>\n<strong>Po\u00e9sie<\/strong><br>\n<a href=\"http:\/\/www.toutelapoesie.com\">Toute la po\u00e9sie<\/a><br>\n<strong>Th\u00e9\u00e2tre<\/strong><br>\n<a href=\"http:\/\/www.theatre-contemporain.net\">Th\u00e9\u00e2tre contemporain<\/a><br>\n<strong>VOSGES<\/strong><br>\nLe graveur vosgien <a href=\"http:\/\/www.andre-jacquemin.com\">Andr\u00e9 Jacquemin<\/a><br>\n<\/td><\/tr>\n<tr><td class=\"has-text-align-right\" data-align=\"right\"><\/td><\/tr>\n<tr><td class=\"has-text-align-right\" data-align=\"right\">Vous cherchez des id\u00e9es ?<br>\nDes films, des expositions, des mus\u00e9es, des concerts ?<br>\nVisitez ce site ami toutes affaires cessantes !<br>\n<a href=\"http:\/\/www.lumieresenarts.fr\/\" target=\"_blank\" rel=\"noreferrer noopener\"><\/a><\/td><\/tr>\n<\/tbody><\/table><\/figure>\n","protected":false},"excerpt":{"rendered":"<p>Webmasters, il vous plaira peut-\u00eatre d&rsquo;utiliser ce visuelpour \u00e9tablir un lien (http:\/\/www.ecrivosges.com) avec votre site&#8230;Merci. Il y a peu (pas ?) d&rsquo;autres initiatives semblablesau projet EcriVosges sur le net&#8230;Si ce n&rsquo;est celle-ci : Toutes les litt\u00e9ratures des pays de l&rsquo;Ain. Chaque jour ou presque, Appuyez sur la touche Lecture, avec Christophe de Jerphanion. Lisez les Notules dominicales de Culture domestique (et de vill\u00e9giature exotique), de Philippe Didion ! [su_box title=\u00a0\u00bbQuartier des auteurs\u00a0\u00bb style=\u00a0\u00bbsoft\u00a0\u00bb box_color=\u00a0\u00bb#333333&Prime; title_color=\u00a0\u00bb#FFFFFF\u00a0\u00bb radius=\u00a0\u00bb3&Prime; class=\u00a0\u00bb\u00a0\u00bb id=\u00a0\u00bb\u00a0\u00bb] Pierre PELOT Dylan PELOT Fran\u00e7ois BON Anne GARRETA Stephen KING Gilles LAPORTE Antoine de SAINT-EXUPERY Yves SIMON Boris VIAN[\/su_box] Quartier des librairesLibrairie Au Moulin des Lettres 50, quai des Bons-Enfants &#8211; 88000 EPINAL Librairie Quai des Mots 4, place Charles-de-Gaulle &#8211; 88000 EPINAL Librairie Le Neuf 5, quai Mar\u00e9chal-Leclerc &#8211; 88100 SAINT-DIE-DES-VOSGES L&rsquo;Ex-libris, livres anciens et d&rsquo;occasion Librissimo, fac-simil\u00e9s d&rsquo;ouvrages fran\u00e7ais rares ou \u00e9puis\u00e9s Le Livre.com Marelle Livres anciens Autres ressources La revue Lire Bande dessin\u00e9e bdparadisio Illustrateurs Biblioth\u00e8ques Biblioth\u00e8que nationale de France Biblioth\u00e8que universelle Fleurs de rh\u00e9torique Humour noir La m\u00f4me n\u00e9ant Labyrinthe Le Matricule des anges La R\u00e9publique des Lettres Magazines T\u00e9l\u00e9rama Po\u00e9sie Toute la po\u00e9sie Th\u00e9\u00e2tre Th\u00e9\u00e2tre contemporain VOSGES Le graveur vosgien Andr\u00e9 Jacquemin Vous cherchez des id\u00e9es ? Des films, des expositions, des mus\u00e9es, des concerts ? Visitez ce site ami toutes affaires cessantes !<\/p>\n","protected":false},"author":3,"featured_media":0,"parent":0,"menu_order":0,"comment_status":"closed","ping_status":"closed","template":"","meta":[],"_links":{"self":[{"href":"https:\/\/bernard-visse.fr\/ev\/wp-json\/wp\/v2\/pages\/105"}],"collection":[{"href":"https:\/\/bernard-visse.fr\/ev\/wp-json\/wp\/v2\/pages"}],"about":[{"href":"https:\/\/bernard-visse.fr\/ev\/wp-json\/wp\/v2\/types\/page"}],"author":[{"embeddable":true,"href":"https:\/\/bernard-visse.fr\/ev\/wp-json\/wp\/v2\/users\/3"}],"replies":[{"embeddable":true,"href":"https:\/\/bernard-visse.fr\/ev\/wp-json\/wp\/v2\/comments?post=105"}],"version-history":[{"count":4,"href":"https:\/\/bernard-visse.fr\/ev\/wp-json\/wp\/v2\/pages\/105\/revisions"}],"predecessor-version":[{"id":896,"href":"https:\/\/bernard-visse.fr\/ev\/wp-json\/wp\/v2\/pages\/105\/revisions\/896"}],"wp:attachment":[{"href":"https:\/\/bernard-visse.fr\/ev\/wp-json\/wp\/v2\/media?parent=105"}],"curies":[{"name":"wp","href":"https:\/\/api.w.org\/{rel}","templated":true}]}}